{"id":154353,"date":"2025-10-13T13:38:18","date_gmt":"2025-10-13T10:38:18","guid":{"rendered":"https:\/\/kingarms.ee\/product\/perfecta-stop-attack-xtreme-cone-40-pippurisuihke\/"},"modified":"2025-10-13T13:40:58","modified_gmt":"2025-10-13T10:40:58","slug":"perfecta-stop-attack-xtreme-cone-40-pippurisuihke","status":"publish","type":"product","link":"https:\/\/kingarms.ee\/fi\/product\/perfecta-stop-attack-xtreme-cone-40-pippurisuihke\/","title":{"rendered":"Perfecta Stop Attack Xtreme Cone 40 pippurisuihke"},"content":{"rendered":"<p><img loading=\"lazy\" decoding=\"async\" class=\"alignnone size-medium wp-image-154337\" src=\"https:\/\/kingarms.ee\/wp-content\/uploads\/2025\/10\/perfecta-stop-attack-xtreme-cone-40-pepper-gas-6f0857cf6df74ab49afadf5c71c6721f-24e5a7b5-300x300.webp\" alt=\"\" width=\"300\" height=\"300\" srcset=\"https:\/\/kingarms.ee\/wp-content\/uploads\/2025\/10\/perfecta-stop-attack-xtreme-cone-40-pepper-gas-6f0857cf6df74ab49afadf5c71c6721f-24e5a7b5-300x300.webp 300w, https:\/\/kingarms.ee\/wp-content\/uploads\/2025\/10\/perfecta-stop-attack-xtreme-cone-40-pepper-gas-6f0857cf6df74ab49afadf5c71c6721f-24e5a7b5-150x150.webp 150w, https:\/\/kingarms.ee\/wp-content\/uploads\/2025\/10\/perfecta-stop-attack-xtreme-cone-40-pepper-gas-6f0857cf6df74ab49afadf5c71c6721f-24e5a7b5-768x768.webp 768w, https:\/\/kingarms.ee\/wp-content\/uploads\/2025\/10\/perfecta-stop-attack-xtreme-cone-40-pepper-gas-6f0857cf6df74ab49afadf5c71c6721f-24e5a7b5-500x500.webp 500w, https:\/\/kingarms.ee\/wp-content\/uploads\/2025\/10\/perfecta-stop-attack-xtreme-cone-40-pepper-gas-6f0857cf6df74ab49afadf5c71c6721f-24e5a7b5.webp 900w\" sizes=\"auto, (max-width: 300px) 100vw, 300px\" \/><\/p>\n","protected":false},"excerpt":{"rendered":"<p><strong data-start=\"563\" data-end=\"612\">Perfecta Stop Attack Xtreme Cone 40 pippurisuihke<\/strong> \u2014 tehokas 40 ml \u201ccone\u201d -tyyppinen pippurisuihke (OC) henkil\u00f6kohtaiseen itsepuolustukseen, joka tuottaa leve\u00e4n kartiomaiseen levi\u00e4v\u00e4n sumun suuremman alueen nopeaan suojaamiseen; ergonominen s\u00e4ili\u00f6 ja turvakorkki v\u00e4hent\u00e4v\u00e4t vahingossa lauistumisen riski\u00e4, toimintas\u00e4de ja levi\u00e4minen vaihtelevat olosuhteiden mukaan \u2014 tarkoitettu vain lailliseen itsepuolustukseen; lue ohjeet ja noudata paikallisia lakeja, \u00e4l\u00e4 k\u00e4yt\u00e4 lapsia tai el\u00e4imi\u00e4 vastaan ilman kiireellist\u00e4 syyt\u00e4.<\/p>\n","protected":false},"featured_media":154339,"template":"","meta":{"_acf_changed":false},"product_brand":[],"product_cat":[764],"product_tag":[],"class_list":{"0":"post-154353","1":"product","2":"type-product","3":"status-publish","4":"has-post-thumbnail","6":"product_cat-pippurisumute","8":"first","9":"outofstock","10":"taxable","11":"shipping-taxable","12":"purchasable","13":"product-type-simple"},"acf":[],"_links":{"self":[{"href":"https:\/\/kingarms.ee\/fi\/wp-json\/wp\/v2\/product\/154353","targetHints":{"allow":["GET"]}}],"collection":[{"href":"https:\/\/kingarms.ee\/fi\/wp-json\/wp\/v2\/product"}],"about":[{"href":"https:\/\/kingarms.ee\/fi\/wp-json\/wp\/v2\/types\/product"}],"wp:featuredmedia":[{"embeddable":true,"href":"https:\/\/kingarms.ee\/fi\/wp-json\/wp\/v2\/media\/154339"}],"wp:attachment":[{"href":"https:\/\/kingarms.ee\/fi\/wp-json\/wp\/v2\/media?parent=154353"}],"wp:term":[{"taxonomy":"product_brand","embeddable":true,"href":"https:\/\/kingarms.ee\/fi\/wp-json\/wp\/v2\/product_brand?post=154353"},{"taxonomy":"product_cat","embeddable":true,"href":"https:\/\/kingarms.ee\/fi\/wp-json\/wp\/v2\/product_cat?post=154353"},{"taxonomy":"product_tag","embeddable":true,"href":"https:\/\/kingarms.ee\/fi\/wp-json\/wp\/v2\/product_tag?post=154353"}],"curies":[{"name":"wp","href":"https:\/\/api.w.org\/{rel}","templated":true}]}}