{"id":154370,"date":"2025-10-13T13:45:08","date_gmt":"2025-10-13T10:45:08","guid":{"rendered":"https:\/\/kingarms.ee\/product\/perfecta-stop-attack-jet-pippurisuihke-50-ml\/"},"modified":"2025-10-13T14:10:20","modified_gmt":"2025-10-13T11:10:20","slug":"perfecta-stop-attack-jet-pippurisuihke-50-ml","status":"publish","type":"product","link":"https:\/\/kingarms.ee\/fi\/product\/perfecta-stop-attack-jet-pippurisuihke-50-ml\/","title":{"rendered":"Perfecta Stop Attack Jet pippurisuihke 50 ml"},"content":{"rendered":"<p><img loading=\"lazy\" decoding=\"async\" class=\"alignnone size-medium wp-image-154362\" src=\"https:\/\/kingarms.ee\/wp-content\/uploads\/2025\/10\/perfecta-stop-attack-pepper-gas-cone-40-ml-68093e6172a24247b7b75218fff6a8f5-544edb44-300x300.webp\" alt=\"\" width=\"300\" height=\"300\" srcset=\"https:\/\/kingarms.ee\/wp-content\/uploads\/2025\/10\/perfecta-stop-attack-pepper-gas-cone-40-ml-68093e6172a24247b7b75218fff6a8f5-544edb44-300x300.webp 300w, https:\/\/kingarms.ee\/wp-content\/uploads\/2025\/10\/perfecta-stop-attack-pepper-gas-cone-40-ml-68093e6172a24247b7b75218fff6a8f5-544edb44-150x150.webp 150w, https:\/\/kingarms.ee\/wp-content\/uploads\/2025\/10\/perfecta-stop-attack-pepper-gas-cone-40-ml-68093e6172a24247b7b75218fff6a8f5-544edb44-768x768.webp 768w, https:\/\/kingarms.ee\/wp-content\/uploads\/2025\/10\/perfecta-stop-attack-pepper-gas-cone-40-ml-68093e6172a24247b7b75218fff6a8f5-544edb44-500x500.webp 500w, https:\/\/kingarms.ee\/wp-content\/uploads\/2025\/10\/perfecta-stop-attack-pepper-gas-cone-40-ml-68093e6172a24247b7b75218fff6a8f5-544edb44.webp 900w\" sizes=\"auto, (max-width: 300px) 100vw, 300px\" \/><\/p>\n","protected":false},"excerpt":{"rendered":"<p><strong data-start=\"445\" data-end=\"489\">Perfecta Stop Attack Jet pippurisuihke 50 ml <\/strong>\u2014 keskikokoinen 50 ml pippurisuihke (OC), jossa on tarkka \u201cjet\u201d-suihkumalli, sopii k\u00e4ytett\u00e4v\u00e4ksi my\u00f6s tuulisissa olosuhteissa; kapea, kohdistettu suihku tarjoaa tarkan ja tehokkaan suojan sek\u00e4 v\u00e4litt\u00f6m\u00e4n vaikutuksen. Ergonominen metallis\u00e4ili\u00f6 ja turvakorkki ehk\u00e4isev\u00e4t vahinkolaukaisua. Tarkoitettu vain lailliseen itsepuolustukseen \u2014 lue ohjeet ja noudata paikallisia lakeja.  <\/p>\n","protected":false},"featured_media":154364,"template":"","meta":{"_acf_changed":false},"product_brand":[],"product_cat":[764],"product_tag":[],"class_list":{"0":"post-154370","1":"product","2":"type-product","3":"status-publish","4":"has-post-thumbnail","6":"product_cat-pippurisumute","8":"first","9":"outofstock","10":"taxable","11":"shipping-taxable","12":"purchasable","13":"product-type-simple"},"acf":[],"_links":{"self":[{"href":"https:\/\/kingarms.ee\/fi\/wp-json\/wp\/v2\/product\/154370","targetHints":{"allow":["GET"]}}],"collection":[{"href":"https:\/\/kingarms.ee\/fi\/wp-json\/wp\/v2\/product"}],"about":[{"href":"https:\/\/kingarms.ee\/fi\/wp-json\/wp\/v2\/types\/product"}],"wp:featuredmedia":[{"embeddable":true,"href":"https:\/\/kingarms.ee\/fi\/wp-json\/wp\/v2\/media\/154364"}],"wp:attachment":[{"href":"https:\/\/kingarms.ee\/fi\/wp-json\/wp\/v2\/media?parent=154370"}],"wp:term":[{"taxonomy":"product_brand","embeddable":true,"href":"https:\/\/kingarms.ee\/fi\/wp-json\/wp\/v2\/product_brand?post=154370"},{"taxonomy":"product_cat","embeddable":true,"href":"https:\/\/kingarms.ee\/fi\/wp-json\/wp\/v2\/product_cat?post=154370"},{"taxonomy":"product_tag","embeddable":true,"href":"https:\/\/kingarms.ee\/fi\/wp-json\/wp\/v2\/product_tag?post=154370"}],"curies":[{"name":"wp","href":"https:\/\/api.w.org\/{rel}","templated":true}]}}