{"id":154388,"date":"2025-10-13T14:17:13","date_gmt":"2025-10-13T11:17:13","guid":{"rendered":"https:\/\/kingarms.ee\/product\/perfecta-stop-attack-cone-pippurisuihke-40-ml\/"},"modified":"2025-10-13T14:18:30","modified_gmt":"2025-10-13T11:18:30","slug":"perfecta-stop-attack-cone-pippurisuihke-40-ml","status":"publish","type":"product","link":"https:\/\/kingarms.ee\/fi\/product\/perfecta-stop-attack-cone-pippurisuihke-40-ml\/","title":{"rendered":"Perfecta Stop Attack Cone pippurisuihke 40 ml"},"content":{"rendered":"<p><img loading=\"lazy\" decoding=\"async\" class=\"alignnone size-medium wp-image-154381\" src=\"https:\/\/kingarms.ee\/wp-content\/uploads\/2025\/10\/perfecta-stop-attack-pepper-gas-cone-40-ml-68093e6172a24247b7b75218fff6a8f5-544edb44-1-300x300.webp\" alt=\"\" width=\"300\" height=\"300\" srcset=\"https:\/\/kingarms.ee\/wp-content\/uploads\/2025\/10\/perfecta-stop-attack-pepper-gas-cone-40-ml-68093e6172a24247b7b75218fff6a8f5-544edb44-1-300x300.webp 300w, https:\/\/kingarms.ee\/wp-content\/uploads\/2025\/10\/perfecta-stop-attack-pepper-gas-cone-40-ml-68093e6172a24247b7b75218fff6a8f5-544edb44-1-150x150.webp 150w, https:\/\/kingarms.ee\/wp-content\/uploads\/2025\/10\/perfecta-stop-attack-pepper-gas-cone-40-ml-68093e6172a24247b7b75218fff6a8f5-544edb44-1-768x768.webp 768w, https:\/\/kingarms.ee\/wp-content\/uploads\/2025\/10\/perfecta-stop-attack-pepper-gas-cone-40-ml-68093e6172a24247b7b75218fff6a8f5-544edb44-1-500x500.webp 500w, https:\/\/kingarms.ee\/wp-content\/uploads\/2025\/10\/perfecta-stop-attack-pepper-gas-cone-40-ml-68093e6172a24247b7b75218fff6a8f5-544edb44-1.webp 900w\" sizes=\"auto, (max-width: 300px) 100vw, 300px\" \/><\/p>\n","protected":false},"excerpt":{"rendered":"<p><strong data-start=\"492\" data-end=\"537\">Perfecta Stop Attack Cone pippurisuihke 40 ml <\/strong>\u2014 kompakti 40 ml pippurisuihke (OC), jossa on \u201ccone\u201d-tyyppinen leve\u00e4 suihku, joka muodostaa pilvim\u00e4isen sumun tehokkaaseen l\u00e4hiet\u00e4isyyden suojaukseen; laaja suihku mahdollistaa nopean reagoinnin vaaratilanteissa. Ergonominen s\u00e4ili\u00f6 ja turvakorkki est\u00e4v\u00e4t vahinkolaukaisun. Luotettava ja tehokas valinta lailliseen itsepuolustukseen \u2014 lue ohjeet ja noudata paikallisia lakeja.  <\/p>\n","protected":false},"featured_media":154383,"template":"","meta":{"_acf_changed":false},"product_brand":[],"product_cat":[764],"product_tag":[],"class_list":{"0":"post-154388","1":"product","2":"type-product","3":"status-publish","4":"has-post-thumbnail","6":"product_cat-pippurisumute","8":"first","9":"outofstock","10":"taxable","11":"shipping-taxable","12":"purchasable","13":"product-type-simple"},"acf":[],"_links":{"self":[{"href":"https:\/\/kingarms.ee\/fi\/wp-json\/wp\/v2\/product\/154388","targetHints":{"allow":["GET"]}}],"collection":[{"href":"https:\/\/kingarms.ee\/fi\/wp-json\/wp\/v2\/product"}],"about":[{"href":"https:\/\/kingarms.ee\/fi\/wp-json\/wp\/v2\/types\/product"}],"wp:featuredmedia":[{"embeddable":true,"href":"https:\/\/kingarms.ee\/fi\/wp-json\/wp\/v2\/media\/154383"}],"wp:attachment":[{"href":"https:\/\/kingarms.ee\/fi\/wp-json\/wp\/v2\/media?parent=154388"}],"wp:term":[{"taxonomy":"product_brand","embeddable":true,"href":"https:\/\/kingarms.ee\/fi\/wp-json\/wp\/v2\/product_brand?post=154388"},{"taxonomy":"product_cat","embeddable":true,"href":"https:\/\/kingarms.ee\/fi\/wp-json\/wp\/v2\/product_cat?post=154388"},{"taxonomy":"product_tag","embeddable":true,"href":"https:\/\/kingarms.ee\/fi\/wp-json\/wp\/v2\/product_tag?post=154388"}],"curies":[{"name":"wp","href":"https:\/\/api.w.org\/{rel}","templated":true}]}}