{"id":154420,"date":"2025-10-13T14:39:30","date_gmt":"2025-10-13T11:39:30","guid":{"rendered":"https:\/\/kingarms.ee\/product\/gas-ko-pfeffer-jet-100-ml-pippurisuihke\/"},"modified":"2025-10-13T14:40:48","modified_gmt":"2025-10-13T11:40:48","slug":"gas-ko-pfeffer-jet-100-ml-pippurisuihke","status":"publish","type":"product","link":"https:\/\/kingarms.ee\/fi\/product\/gas-ko-pfeffer-jet-100-ml-pippurisuihke\/","title":{"rendered":"Gas KO Pfeffer Jet 100 ml pippurisuihke"},"content":{"rendered":"<p><img loading=\"lazy\" decoding=\"async\" class=\"alignnone size-medium wp-image-154413\" src=\"https:\/\/kingarms.ee\/wp-content\/uploads\/2025\/10\/gas-ko-pfeffer-jet-100-300x300.webp\" alt=\"\" width=\"300\" height=\"300\" srcset=\"https:\/\/kingarms.ee\/wp-content\/uploads\/2025\/10\/gas-ko-pfeffer-jet-100-300x300.webp 300w, https:\/\/kingarms.ee\/wp-content\/uploads\/2025\/10\/gas-ko-pfeffer-jet-100-150x150.webp 150w, https:\/\/kingarms.ee\/wp-content\/uploads\/2025\/10\/gas-ko-pfeffer-jet-100-768x768.webp 768w, https:\/\/kingarms.ee\/wp-content\/uploads\/2025\/10\/gas-ko-pfeffer-jet-100-500x500.webp 500w, https:\/\/kingarms.ee\/wp-content\/uploads\/2025\/10\/gas-ko-pfeffer-jet-100.webp 900w\" sizes=\"auto, (max-width: 300px) 100vw, 300px\" \/><\/p>\n","protected":false},"excerpt":{"rendered":"<p><strong data-start=\"461\" data-end=\"500\">Gas KO Pfeffer Jet 100 ml pippurisuihke<\/strong> \u2014 suurempi 100 ml \u201cjet\u201d-tyyppinen pippurisuihke (OC), joka tuottaa voimakkaan ja tarkan suihkun, toimii hyvin my\u00f6s tuulisissa olosuhteissa; suunnattu suihku takaa nopean ja tehokkaan vaikutuksen. Kest\u00e4v\u00e4 muovirunko ja turvakorkki est\u00e4v\u00e4t vahinkolaukaisun. Luotettava ja tehokas ratkaisu lailliseen itsepuolustukseen \u2014 lue k\u00e4ytt\u00f6ohjeet ja noudata paikallisia lakeja ennen k\u00e4ytt\u00f6\u00e4.  <\/p>\n","protected":false},"featured_media":155062,"template":"","meta":{"_acf_changed":false},"product_brand":[],"product_cat":[764],"product_tag":[],"class_list":{"0":"post-154420","1":"product","2":"type-product","3":"status-publish","4":"has-post-thumbnail","6":"product_cat-pippurisumute","8":"first","9":"outofstock","10":"taxable","11":"shipping-taxable","12":"purchasable","13":"product-type-simple"},"acf":[],"_links":{"self":[{"href":"https:\/\/kingarms.ee\/fi\/wp-json\/wp\/v2\/product\/154420","targetHints":{"allow":["GET"]}}],"collection":[{"href":"https:\/\/kingarms.ee\/fi\/wp-json\/wp\/v2\/product"}],"about":[{"href":"https:\/\/kingarms.ee\/fi\/wp-json\/wp\/v2\/types\/product"}],"wp:featuredmedia":[{"embeddable":true,"href":"https:\/\/kingarms.ee\/fi\/wp-json\/wp\/v2\/media\/155062"}],"wp:attachment":[{"href":"https:\/\/kingarms.ee\/fi\/wp-json\/wp\/v2\/media?parent=154420"}],"wp:term":[{"taxonomy":"product_brand","embeddable":true,"href":"https:\/\/kingarms.ee\/fi\/wp-json\/wp\/v2\/product_brand?post=154420"},{"taxonomy":"product_cat","embeddable":true,"href":"https:\/\/kingarms.ee\/fi\/wp-json\/wp\/v2\/product_cat?post=154420"},{"taxonomy":"product_tag","embeddable":true,"href":"https:\/\/kingarms.ee\/fi\/wp-json\/wp\/v2\/product_tag?post=154420"}],"curies":[{"name":"wp","href":"https:\/\/api.w.org\/{rel}","templated":true}]}}