{"id":154450,"date":"2025-10-13T14:46:21","date_gmt":"2025-10-13T11:46:21","guid":{"rendered":"https:\/\/kingarms.ee\/product\/gas-ko-pfeffer-fog-cone-50-ml-pippurisuihke\/"},"modified":"2025-10-13T14:48:17","modified_gmt":"2025-10-13T11:48:17","slug":"gas-ko-pfeffer-fog-cone-50-ml-pippurisuihke","status":"publish","type":"product","link":"https:\/\/kingarms.ee\/fi\/product\/gas-ko-pfeffer-fog-cone-50-ml-pippurisuihke\/","title":{"rendered":"Gas KO Pfeffer Fog-Cone 50 ml pippurisuihke"},"content":{"rendered":"<p><img loading=\"lazy\" decoding=\"async\" class=\"alignnone size-medium wp-image-154437\" src=\"https:\/\/kingarms.ee\/wp-content\/uploads\/2025\/10\/gas-ko-pfeffer-fog-cone-50-ml-c6e592c085084c01ab4931a5fe627d85-c99bc569-300x300.webp\" alt=\"\" width=\"300\" height=\"300\" srcset=\"https:\/\/kingarms.ee\/wp-content\/uploads\/2025\/10\/gas-ko-pfeffer-fog-cone-50-ml-c6e592c085084c01ab4931a5fe627d85-c99bc569-300x300.webp 300w, https:\/\/kingarms.ee\/wp-content\/uploads\/2025\/10\/gas-ko-pfeffer-fog-cone-50-ml-c6e592c085084c01ab4931a5fe627d85-c99bc569-150x150.webp 150w, https:\/\/kingarms.ee\/wp-content\/uploads\/2025\/10\/gas-ko-pfeffer-fog-cone-50-ml-c6e592c085084c01ab4931a5fe627d85-c99bc569-768x768.webp 768w, https:\/\/kingarms.ee\/wp-content\/uploads\/2025\/10\/gas-ko-pfeffer-fog-cone-50-ml-c6e592c085084c01ab4931a5fe627d85-c99bc569-500x500.webp 500w, https:\/\/kingarms.ee\/wp-content\/uploads\/2025\/10\/gas-ko-pfeffer-fog-cone-50-ml-c6e592c085084c01ab4931a5fe627d85-c99bc569.webp 900w\" sizes=\"auto, (max-width: 300px) 100vw, 300px\" \/><\/p>\n","protected":false},"excerpt":{"rendered":"<p><strong data-start=\"440\" data-end=\"483\">Gas KO Pfeffer Fog-Cone 50 ml pippurisuihke<\/strong> \u2014 keskikokoinen 50 ml pippurisuihke (OC), jossa on \u201cfog-cone\u201d-tyyppinen leve\u00e4 sumumainen suihku, sopii tehokkaaseen l\u00e4hiet\u00e4isyyden puolustautumiseen ja suuremman alueen peitt\u00e4miseen; erinomainen nopeaan reagointiin ahtaissa tiloissa. Kest\u00e4v\u00e4 muovirunko ja turvakorkki takaavat turvallisen k\u00e4yt\u00f6n. Tarkoitettu vain lailliseen itsepuolustukseen \u2014 lue k\u00e4ytt\u00f6ohjeet ja noudata paikallisia lakeja.  <\/p>\n","protected":false},"featured_media":155056,"template":"","meta":{"_acf_changed":false},"product_brand":[],"product_cat":[764],"product_tag":[],"class_list":{"0":"post-154450","1":"product","2":"type-product","3":"status-publish","4":"has-post-thumbnail","6":"product_cat-pippurisumute","8":"first","9":"outofstock","10":"taxable","11":"shipping-taxable","12":"purchasable","13":"product-type-simple"},"acf":[],"_links":{"self":[{"href":"https:\/\/kingarms.ee\/fi\/wp-json\/wp\/v2\/product\/154450","targetHints":{"allow":["GET"]}}],"collection":[{"href":"https:\/\/kingarms.ee\/fi\/wp-json\/wp\/v2\/product"}],"about":[{"href":"https:\/\/kingarms.ee\/fi\/wp-json\/wp\/v2\/types\/product"}],"wp:featuredmedia":[{"embeddable":true,"href":"https:\/\/kingarms.ee\/fi\/wp-json\/wp\/v2\/media\/155056"}],"wp:attachment":[{"href":"https:\/\/kingarms.ee\/fi\/wp-json\/wp\/v2\/media?parent=154450"}],"wp:term":[{"taxonomy":"product_brand","embeddable":true,"href":"https:\/\/kingarms.ee\/fi\/wp-json\/wp\/v2\/product_brand?post=154450"},{"taxonomy":"product_cat","embeddable":true,"href":"https:\/\/kingarms.ee\/fi\/wp-json\/wp\/v2\/product_cat?post=154450"},{"taxonomy":"product_tag","embeddable":true,"href":"https:\/\/kingarms.ee\/fi\/wp-json\/wp\/v2\/product_tag?post=154450"}],"curies":[{"name":"wp","href":"https:\/\/api.w.org\/{rel}","templated":true}]}}