{"id":154462,"date":"2025-10-13T14:53:55","date_gmt":"2025-10-13T11:53:55","guid":{"rendered":"https:\/\/kingarms.ee\/product\/pro-tech-guns-clean-asepyyhkeet-10-kpl\/"},"modified":"2025-10-13T14:56:15","modified_gmt":"2025-10-13T11:56:15","slug":"pro-tech-guns-clean-asepyyhkeet-10-kpl","status":"publish","type":"product","link":"https:\/\/kingarms.ee\/fi\/product\/pro-tech-guns-clean-asepyyhkeet-10-kpl\/","title":{"rendered":"Pro Tech Guns Clean asepyyhkeet 10 kpl"},"content":{"rendered":"<p><img loading=\"lazy\" decoding=\"async\" class=\"alignnone size-medium wp-image-154455\" src=\"https:\/\/kingarms.ee\/wp-content\/uploads\/2025\/10\/cleanGunWapes-300x202.jpg\" alt=\"\" width=\"300\" height=\"202\" srcset=\"https:\/\/kingarms.ee\/wp-content\/uploads\/2025\/10\/cleanGunWapes-300x202.jpg 300w, https:\/\/kingarms.ee\/wp-content\/uploads\/2025\/10\/cleanGunWapes-1024x688.jpg 1024w, https:\/\/kingarms.ee\/wp-content\/uploads\/2025\/10\/cleanGunWapes-768x516.jpg 768w, https:\/\/kingarms.ee\/wp-content\/uploads\/2025\/10\/cleanGunWapes-1536x1032.jpg 1536w, https:\/\/kingarms.ee\/wp-content\/uploads\/2025\/10\/cleanGunWapes-2048x1376.jpg 2048w, https:\/\/kingarms.ee\/wp-content\/uploads\/2025\/10\/cleanGunWapes-500x336.jpg 500w, https:\/\/kingarms.ee\/wp-content\/uploads\/2025\/10\/cleanGunWapes-150x101.jpg 150w\" sizes=\"auto, (max-width: 300px) 100vw, 300px\" \/><\/p>\n","protected":false},"excerpt":{"rendered":"<p><strong data-start=\"398\" data-end=\"449\">Pro Tech Guns Clean asepyyhkeet 10 kpl<\/strong> \u2014 pakkausssa 10 valmiiksi kostutettua pyyhett\u00e4 nopeaan asetekniikkaan ja huoltoon ampumaradalla tai maastossa; pyyhkeet poistavat nopeasti ruudin ja \u00f6ljyn j\u00e4\u00e4nteet, lian ja sormenj\u00e4ljet sek\u00e4 j\u00e4tt\u00e4v\u00e4t ohuen suojaavan kalvon korroosiota vastaan; soveltuvat metallille, polymeerille ja puupinnoille k\u00e4ytett\u00e4ess\u00e4 ohjeiden mukaan (v\u00e4lt\u00e4 pitk\u00e4kestoista kosketusta optiikan pinnoitteisiin), kertak\u00e4ytt\u00f6iset \u2014 pyyhi puhtaaksi, h\u00e4vit\u00e4 asianmukaisesti ja s\u00e4ilyt\u00e4 suljetussa pakkauksessa viile\u00e4ss\u00e4 ja kuivassa.<\/p>\n","protected":false},"featured_media":154457,"template":"","meta":{"_acf_changed":false},"product_brand":[],"product_cat":[335],"product_tag":[],"class_list":{"0":"post-154462","1":"product","2":"type-product","3":"status-publish","4":"has-post-thumbnail","6":"product_cat-aseiden-huolto","8":"first","9":"instock","10":"taxable","11":"shipping-taxable","12":"purchasable","13":"product-type-simple"},"acf":[],"_links":{"self":[{"href":"https:\/\/kingarms.ee\/fi\/wp-json\/wp\/v2\/product\/154462","targetHints":{"allow":["GET"]}}],"collection":[{"href":"https:\/\/kingarms.ee\/fi\/wp-json\/wp\/v2\/product"}],"about":[{"href":"https:\/\/kingarms.ee\/fi\/wp-json\/wp\/v2\/types\/product"}],"wp:featuredmedia":[{"embeddable":true,"href":"https:\/\/kingarms.ee\/fi\/wp-json\/wp\/v2\/media\/154457"}],"wp:attachment":[{"href":"https:\/\/kingarms.ee\/fi\/wp-json\/wp\/v2\/media?parent=154462"}],"wp:term":[{"taxonomy":"product_brand","embeddable":true,"href":"https:\/\/kingarms.ee\/fi\/wp-json\/wp\/v2\/product_brand?post=154462"},{"taxonomy":"product_cat","embeddable":true,"href":"https:\/\/kingarms.ee\/fi\/wp-json\/wp\/v2\/product_cat?post=154462"},{"taxonomy":"product_tag","embeddable":true,"href":"https:\/\/kingarms.ee\/fi\/wp-json\/wp\/v2\/product_tag?post=154462"}],"curies":[{"name":"wp","href":"https:\/\/api.w.org\/{rel}","templated":true}]}}