{"id":154517,"date":"2025-10-14T20:34:37","date_gmt":"2025-10-14T17:34:37","guid":{"rendered":"https:\/\/kingarms.ee\/product\/monilaukauspistooli-jousipyssy-tcs3-vihrea-mankung\/"},"modified":"2025-10-14T22:33:00","modified_gmt":"2025-10-14T19:33:00","slug":"monilaukauspistooli-jousipyssy-tcs3-vihrea-mankung","status":"publish","type":"product","link":"https:\/\/kingarms.ee\/fi\/product\/monilaukauspistooli-jousipyssy-tcs3-vihrea-mankung\/","title":{"rendered":"Monilaukauspistooli-jousipyssy TCS3 vihre\u00e4 (ManKung)"},"content":{"rendered":"<p><img loading=\"lazy\" decoding=\"async\" class=\"alignnone size-full wp-image-154502\" src=\"https:\/\/kingarms.ee\/wp-content\/uploads\/2025\/10\/man-kung-self-cocking-multi-shot-recurve-crossbow-sobek-tcs3-80-lbs-green-mk-tcs3g.jpg\" alt=\"\" width=\"1000\" height=\"1000\" srcset=\"https:\/\/kingarms.ee\/wp-content\/uploads\/2025\/10\/man-kung-self-cocking-multi-shot-recurve-crossbow-sobek-tcs3-80-lbs-green-mk-tcs3g.jpg 1000w, https:\/\/kingarms.ee\/wp-content\/uploads\/2025\/10\/man-kung-self-cocking-multi-shot-recurve-crossbow-sobek-tcs3-80-lbs-green-mk-tcs3g-300x300.jpg 300w, https:\/\/kingarms.ee\/wp-content\/uploads\/2025\/10\/man-kung-self-cocking-multi-shot-recurve-crossbow-sobek-tcs3-80-lbs-green-mk-tcs3g-150x150.jpg 150w, https:\/\/kingarms.ee\/wp-content\/uploads\/2025\/10\/man-kung-self-cocking-multi-shot-recurve-crossbow-sobek-tcs3-80-lbs-green-mk-tcs3g-768x768.jpg 768w, https:\/\/kingarms.ee\/wp-content\/uploads\/2025\/10\/man-kung-self-cocking-multi-shot-recurve-crossbow-sobek-tcs3-80-lbs-green-mk-tcs3g-500x500.jpg 500w\" sizes=\"auto, (max-width: 1000px) 100vw, 1000px\" \/><\/p>\n","protected":false},"excerpt":{"rendered":"<p>Monilaukauspistooli-jousipyssy TCS3 vihre\u00e4 (ManKung)<\/p>\n<p>SOBEK TCS2 -j\u00e4rjestelm\u00e4.<br \/>\n7 nuolen lipas.<br \/>\nS\u00e4\u00e4dett\u00e4v\u00e4 per\u00e4.<br \/>\nVetovastus: 80 paunaa.<br \/>\nNopeus: 185 FPS.<br \/>\nVetopituus \u2013 optimoitu voimaa varten.<br \/>\nLasikuituvarret.<br \/>\nPolymeerirunko.<br \/>\nVakio 20 mm kisko.<br \/>\nEritt\u00e4in mukava viritysmekanismi.<br \/>\nSis\u00e4lt\u00e4\u00e4 irrotettavan kahvan.<br \/>\nLeveys: 42 cm (16,5 tuumaa).<br \/>\nPituus: 56\u201362 cm (22,5\u201324,4 tuumaa).<br \/>\nPaino: 1252 g.<br \/>\nTarkoitettu k\u00e4ytett\u00e4v\u00e4ksi vain 6,5 tuuman nuolilla.<br \/>\nPakkauksessa 7 kpl 6,5 tuuman nuolia. Lis\u00e4nuolia voi ostaa tarvittaessa.<br \/>\nV\u00e4ri: vihre\u00e4.<\/p>\n","protected":false},"featured_media":154504,"template":"","meta":{"_acf_changed":false},"product_brand":[],"product_cat":[791],"product_tag":[],"class_list":{"0":"post-154517","1":"product","2":"type-product","3":"status-publish","4":"has-post-thumbnail","6":"product_cat-varsijouset","8":"first","9":"instock","10":"taxable","11":"shipping-taxable","12":"purchasable","13":"product-type-simple"},"acf":[],"_links":{"self":[{"href":"https:\/\/kingarms.ee\/fi\/wp-json\/wp\/v2\/product\/154517","targetHints":{"allow":["GET"]}}],"collection":[{"href":"https:\/\/kingarms.ee\/fi\/wp-json\/wp\/v2\/product"}],"about":[{"href":"https:\/\/kingarms.ee\/fi\/wp-json\/wp\/v2\/types\/product"}],"wp:featuredmedia":[{"embeddable":true,"href":"https:\/\/kingarms.ee\/fi\/wp-json\/wp\/v2\/media\/154504"}],"wp:attachment":[{"href":"https:\/\/kingarms.ee\/fi\/wp-json\/wp\/v2\/media?parent=154517"}],"wp:term":[{"taxonomy":"product_brand","embeddable":true,"href":"https:\/\/kingarms.ee\/fi\/wp-json\/wp\/v2\/product_brand?post=154517"},{"taxonomy":"product_cat","embeddable":true,"href":"https:\/\/kingarms.ee\/fi\/wp-json\/wp\/v2\/product_cat?post=154517"},{"taxonomy":"product_tag","embeddable":true,"href":"https:\/\/kingarms.ee\/fi\/wp-json\/wp\/v2\/product_tag?post=154517"}],"curies":[{"name":"wp","href":"https:\/\/api.w.org\/{rel}","templated":true}]}}