{"id":155267,"date":"2025-11-11T11:06:26","date_gmt":"2025-11-11T08:06:26","guid":{"rendered":"https:\/\/kingarms.ee\/product\/remington-3-in-1-researcher-pro-figure-haalari\/"},"modified":"2025-11-11T11:39:03","modified_gmt":"2025-11-11T08:39:03","slug":"remington-3-in-1-researcher-pro-figure-haalari","status":"publish","type":"product","link":"https:\/\/kingarms.ee\/fi\/product\/remington-3-in-1-researcher-pro-figure-haalari\/","title":{"rendered":"Remington 3-in-1 Researcher Pro Figure haalari"},"content":{"rendered":"","protected":false},"excerpt":{"rendered":"<p>Avasta <strong data-start=\"1786\" data-end=\"1827\">Remington 3-in-1 Researcher Pro Figure<\/strong> \u00fclikond, mis on loodud t\u00f5eliselt n\u00f5udlikele v\u00e4ljas\u00f5itudeks ja talvisteks seiklusteks. See \u00fclikond sisaldab kahte jopekihti ja \u00fclikond-p\u00fckse rihmadega, pakkudes kuni -30 \u00b0C temperatuurini soojust ja kaitset. V\u00e4lisjakk reguleeritava kapuutsi, Velcro-mansettide ja tugevdustega k\u00fc\u00fcnarnukkidel ja \u00f5lgadel tagab maksimaalse vastupidavuse.  <br data-start=\"2065\" data-end=\"2068\">Sisseehitatud kaitsekihid ning mitme taskuga disain v\u00f5imaldavad mugavalt kaasa v\u00f5tta vajalikke asju ning hoida neid k\u00e4ep\u00e4rast. \u00dclikond sobib suurep\u00e4raselt jahiks, kalastuseks v\u00f5i aktiivseks talviseks vabaajaks. Materjal on 100 % pol\u00fcester, membraan \u201eClimatic Pro\u201d tagab veekindluse ja aurupermeabiilsuse. <\/p>\n<p>Tegemist on mitmek\u00fclgse komplektiga \u2013 vali vastavalt tingimustele kas v\u00e4lis- v\u00f5i sisekiht v\u00f5i m\u00f5lemad kokku. P\u00fckstel on anatoomiline p\u00f5lvekonstruktsioon ja all\u00e4\u00e4res t\u00f5mblukk ning elastne lahendus, mis tagab kindla sobivuse saapaga. <br data-start=\"2682\" data-end=\"2685\">Vali usaldusv\u00e4\u00e4rne talve-varustus, mis viib sind ilma kompromissita loodusesse \u2013 mugavus, kaitse ja paindlikkus \u00fche \u00fclikonna n\u00e4ol.<\/p>\n","protected":false},"featured_media":155232,"template":"","meta":{"_acf_changed":false},"product_brand":[],"product_cat":[879],"product_tag":[],"class_list":{"0":"post-155267","1":"product","2":"type-product","3":"status-publish","4":"has-post-thumbnail","6":"product_cat-sarjat","8":"first","9":"instock","10":"taxable","11":"shipping-taxable","12":"purchasable","13":"product-type-variable"},"acf":[],"_links":{"self":[{"href":"https:\/\/kingarms.ee\/fi\/wp-json\/wp\/v2\/product\/155267","targetHints":{"allow":["GET"]}}],"collection":[{"href":"https:\/\/kingarms.ee\/fi\/wp-json\/wp\/v2\/product"}],"about":[{"href":"https:\/\/kingarms.ee\/fi\/wp-json\/wp\/v2\/types\/product"}],"wp:featuredmedia":[{"embeddable":true,"href":"https:\/\/kingarms.ee\/fi\/wp-json\/wp\/v2\/media\/155232"}],"wp:attachment":[{"href":"https:\/\/kingarms.ee\/fi\/wp-json\/wp\/v2\/media?parent=155267"}],"wp:term":[{"taxonomy":"product_brand","embeddable":true,"href":"https:\/\/kingarms.ee\/fi\/wp-json\/wp\/v2\/product_brand?post=155267"},{"taxonomy":"product_cat","embeddable":true,"href":"https:\/\/kingarms.ee\/fi\/wp-json\/wp\/v2\/product_cat?post=155267"},{"taxonomy":"product_tag","embeddable":true,"href":"https:\/\/kingarms.ee\/fi\/wp-json\/wp\/v2\/product_tag?post=155267"}],"curies":[{"name":"wp","href":"https:\/\/api.w.org\/{rel}","templated":true}]}}