{"id":155310,"date":"2025-11-11T11:46:34","date_gmt":"2025-11-11T08:46:34","guid":{"rendered":"https:\/\/kingarms.ee\/?post_type=product&#038;p=155310"},"modified":"2025-11-11T12:29:48","modified_gmt":"2025-11-11T09:29:48","slug":"remington-bluebird-valikausipuku-kalastukseen","status":"publish","type":"product","link":"https:\/\/kingarms.ee\/fi\/product\/remington-bluebird-valikausipuku-kalastukseen\/","title":{"rendered":"Remington Bluebird v\u00e4likausipuku kalastukseen"},"content":{"rendered":"","protected":false},"excerpt":{"rendered":"<p><strong data-start=\"1110\" data-end=\"1132\">Remington Bluebird <\/strong>on kev\u00e4t- ja syyskauden kalastuspuku, joka tarjoaa suojaa tuulelta, sateelta ja viimalta. Kevyt ja hengitt\u00e4v\u00e4 materiaali takaa mukavuuden pitkill\u00e4 kalastusreissuilla, kun taas l\u00e4mp\u00f6vuori pit\u00e4\u00e4 kehon miellytt\u00e4v\u00e4n l\u00e4mpim\u00e4n\u00e4 viile\u00e4ss\u00e4 s\u00e4\u00e4ss\u00e4.<\/p>\n<p>S\u00e4\u00e4dett\u00e4v\u00e4t hihansuut, k\u00e4yt\u00e4nn\u00f6lliset taskut ja ergonominen leikkaus tekev\u00e4t t\u00e4st\u00e4 puvusta monik\u00e4ytt\u00f6isen ja luotettavan valinnan jokaiselle kalastajalle, joka arvostaa laatua ja kest\u00e4vyytt\u00e4.<\/p>\n","protected":false},"featured_media":155467,"template":"","meta":{"_acf_changed":false},"product_brand":[],"product_cat":[879],"product_tag":[],"class_list":{"0":"post-155310","1":"product","2":"type-product","3":"status-publish","4":"has-post-thumbnail","6":"product_cat-sarjat","8":"first","9":"instock","10":"taxable","11":"shipping-taxable","12":"purchasable","13":"product-type-variable","14":"has-default-attributes"},"acf":[],"_links":{"self":[{"href":"https:\/\/kingarms.ee\/fi\/wp-json\/wp\/v2\/product\/155310","targetHints":{"allow":["GET"]}}],"collection":[{"href":"https:\/\/kingarms.ee\/fi\/wp-json\/wp\/v2\/product"}],"about":[{"href":"https:\/\/kingarms.ee\/fi\/wp-json\/wp\/v2\/types\/product"}],"wp:featuredmedia":[{"embeddable":true,"href":"https:\/\/kingarms.ee\/fi\/wp-json\/wp\/v2\/media\/155467"}],"wp:attachment":[{"href":"https:\/\/kingarms.ee\/fi\/wp-json\/wp\/v2\/media?parent=155310"}],"wp:term":[{"taxonomy":"product_brand","embeddable":true,"href":"https:\/\/kingarms.ee\/fi\/wp-json\/wp\/v2\/product_brand?post=155310"},{"taxonomy":"product_cat","embeddable":true,"href":"https:\/\/kingarms.ee\/fi\/wp-json\/wp\/v2\/product_cat?post=155310"},{"taxonomy":"product_tag","embeddable":true,"href":"https:\/\/kingarms.ee\/fi\/wp-json\/wp\/v2\/product_tag?post=155310"}],"curies":[{"name":"wp","href":"https:\/\/api.w.org\/{rel}","templated":true}]}}