{"id":155510,"date":"2025-11-11T12:40:43","date_gmt":"2025-11-11T09:40:43","guid":{"rendered":"https:\/\/kingarms.ee\/product\/remington-current-gray-haalari\/"},"modified":"2025-11-11T12:48:04","modified_gmt":"2025-11-11T09:48:04","slug":"remington-current-gray-haalari","status":"publish","type":"product","link":"https:\/\/kingarms.ee\/fi\/product\/remington-current-gray-haalari\/","title":{"rendered":"Remington Current Gray haalari"},"content":{"rendered":"","protected":false},"excerpt":{"rendered":"<p><strong data-start=\"1132\" data-end=\"1158\">Remington Current Gray<\/strong> on moderni ja monik\u00e4ytt\u00f6inen ulkoilu- ja kalastuspuku, joka tarjoaa suojaa tuulelta ja kosteudelta ilman, ett\u00e4 mukavuus k\u00e4rsii. Kevyt ja hengitt\u00e4v\u00e4 materiaali tekee siit\u00e4 t\u00e4ydellisen valinnan kev\u00e4\u00e4n ja syksyn vaihteleviin olosuhteisiin. <br data-start=\"1433\" data-end=\"1436\" \/>Ergonominen leikkaus, s\u00e4\u00e4dett\u00e4v\u00e4t hihansuut ja useat k\u00e4yt\u00e4nn\u00f6lliset taskut tarjoavat liikkumisvapautta ja toiminnallisuutta. Remington Current Gray yhdist\u00e4\u00e4 urheilullisen tyylin ja teknisen suorituskyvyn \u2013 erinomainen valinta aktiiviselle kalastajalle ja luonnossa liikkujalle.<\/p>\n","protected":false},"featured_media":155481,"template":"","meta":{"_acf_changed":false},"product_brand":[],"product_cat":[879],"product_tag":[],"class_list":{"0":"post-155510","1":"product","2":"type-product","3":"status-publish","4":"has-post-thumbnail","6":"product_cat-sarjat","8":"first","9":"instock","10":"taxable","11":"shipping-taxable","12":"purchasable","13":"product-type-variable"},"acf":[],"_links":{"self":[{"href":"https:\/\/kingarms.ee\/fi\/wp-json\/wp\/v2\/product\/155510","targetHints":{"allow":["GET"]}}],"collection":[{"href":"https:\/\/kingarms.ee\/fi\/wp-json\/wp\/v2\/product"}],"about":[{"href":"https:\/\/kingarms.ee\/fi\/wp-json\/wp\/v2\/types\/product"}],"wp:featuredmedia":[{"embeddable":true,"href":"https:\/\/kingarms.ee\/fi\/wp-json\/wp\/v2\/media\/155481"}],"wp:attachment":[{"href":"https:\/\/kingarms.ee\/fi\/wp-json\/wp\/v2\/media?parent=155510"}],"wp:term":[{"taxonomy":"product_brand","embeddable":true,"href":"https:\/\/kingarms.ee\/fi\/wp-json\/wp\/v2\/product_brand?post=155510"},{"taxonomy":"product_cat","embeddable":true,"href":"https:\/\/kingarms.ee\/fi\/wp-json\/wp\/v2\/product_cat?post=155510"},{"taxonomy":"product_tag","embeddable":true,"href":"https:\/\/kingarms.ee\/fi\/wp-json\/wp\/v2\/product_tag?post=155510"}],"curies":[{"name":"wp","href":"https:\/\/api.w.org\/{rel}","templated":true}]}}