{"id":155653,"date":"2025-11-11T13:29:53","date_gmt":"2025-11-11T10:29:53","guid":{"rendered":"https:\/\/kingarms.ee\/product\/talvipuku-remington-reflex-interchange\/"},"modified":"2025-11-11T13:37:16","modified_gmt":"2025-11-11T10:37:16","slug":"talvipuku-remington-reflex-interchange","status":"publish","type":"product","link":"https:\/\/kingarms.ee\/fi\/product\/talvipuku-remington-reflex-interchange\/","title":{"rendered":"Talvipuku Remington Reflex Interchange"},"content":{"rendered":"","protected":false},"excerpt":{"rendered":"<p><strong data-start=\"1372\" data-end=\"1404\">Remington Reflex Interchange<\/strong> on huippuluokan talvipuku, joka on suunniteltu kalastajille ja mets\u00e4st\u00e4jille, jotka toimivat vaativissa olosuhteissa. Monikerroksinen eristys pit\u00e4\u00e4 kehon l\u00e4mpim\u00e4n\u00e4 jopa -35 \u00b0C pakkasessa, ja vedenpit\u00e4v\u00e4 sek\u00e4 hengitt\u00e4v\u00e4 kalvo suojaa tuulelta ja kosteudelta. Irrotettava sis\u00e4takki mahdollistaa puvun k\u00e4yt\u00f6n my\u00f6s v\u00e4likausina.<br data-start=\"1756\" data-end=\"1759\" \/>Ergonominen leikkaus, s\u00e4\u00e4dett\u00e4v\u00e4t hihansuut ja vahvistetut polvet takaavat liikkumisvapauden ja kest\u00e4vyyden. <strong data-start=\"1892\" data-end=\"1924\">Remington Reflex Interchange <\/strong>yhdist\u00e4\u00e4 teknisen suorituskyvyn, mukavuuden ja tyylin \u2013 t\u00e4ydellinen valinta pohjoisen talveen.<\/p>\n","protected":false},"featured_media":155605,"template":"","meta":{"_acf_changed":false},"product_brand":[],"product_cat":[879],"product_tag":[],"class_list":{"0":"post-155653","1":"product","2":"type-product","3":"status-publish","4":"has-post-thumbnail","6":"product_cat-sarjat","8":"first","9":"instock","10":"taxable","11":"shipping-taxable","12":"purchasable","13":"product-type-variable"},"acf":[],"_links":{"self":[{"href":"https:\/\/kingarms.ee\/fi\/wp-json\/wp\/v2\/product\/155653","targetHints":{"allow":["GET"]}}],"collection":[{"href":"https:\/\/kingarms.ee\/fi\/wp-json\/wp\/v2\/product"}],"about":[{"href":"https:\/\/kingarms.ee\/fi\/wp-json\/wp\/v2\/types\/product"}],"wp:featuredmedia":[{"embeddable":true,"href":"https:\/\/kingarms.ee\/fi\/wp-json\/wp\/v2\/media\/155605"}],"wp:attachment":[{"href":"https:\/\/kingarms.ee\/fi\/wp-json\/wp\/v2\/media?parent=155653"}],"wp:term":[{"taxonomy":"product_brand","embeddable":true,"href":"https:\/\/kingarms.ee\/fi\/wp-json\/wp\/v2\/product_brand?post=155653"},{"taxonomy":"product_cat","embeddable":true,"href":"https:\/\/kingarms.ee\/fi\/wp-json\/wp\/v2\/product_cat?post=155653"},{"taxonomy":"product_tag","embeddable":true,"href":"https:\/\/kingarms.ee\/fi\/wp-json\/wp\/v2\/product_tag?post=155653"}],"curies":[{"name":"wp","href":"https:\/\/api.w.org\/{rel}","templated":true}]}}