{"id":155716,"date":"2025-11-11T15:11:16","date_gmt":"2025-11-11T12:11:16","guid":{"rendered":"https:\/\/kingarms.ee\/product\/talvipuku-remington-pro-hunting-club-timber\/"},"modified":"2025-11-11T15:20:26","modified_gmt":"2025-11-11T12:20:26","slug":"talvipuku-remington-pro-hunting-club-timber","status":"publish","type":"product","link":"https:\/\/kingarms.ee\/fi\/product\/talvipuku-remington-pro-hunting-club-timber\/","title":{"rendered":"Talvipuku Remington Pro Hunting Club Timber"},"content":{"rendered":"","protected":false},"excerpt":{"rendered":"<p><strong data-start=\"1424\" data-end=\"1461\">Remington Pro Hunting Club Timber<\/strong> on ammattitason talvipuku, joka on suunniteltu mets\u00e4st\u00e4jille ja kalastajille, jotka vaativat parasta suorituskyky\u00e4 kylmiss\u00e4 olosuhteissa. Monikerroksinen eristys pit\u00e4\u00e4 kehon l\u00e4mpim\u00e4n\u00e4 jopa \u201335 \u00b0C pakkasessa, ja vedenpit\u00e4v\u00e4 sek\u00e4 hengitt\u00e4v\u00e4 kalvo suojaa lumelta ja tuulelta. Timber-camouflage-kuvio sulautuu luonnon ymp\u00e4rist\u00f6\u00f6n ja tarjoaa tehokasta naamioitumista.<br data-start=\"1838\" data-end=\"1841\" \/>Ergonominen leikkaus, vahvistetut polvet ja kyyn\u00e4rp\u00e4\u00e4t sek\u00e4 s\u00e4\u00e4dett\u00e4v\u00e4t yksityiskohdat lis\u00e4\u00e4v\u00e4t liikkumisvapautta ja mukavuutta. <strong data-start=\"1964\" data-end=\"2001\">Remington Pro Hunting Club Timber <\/strong>yhdist\u00e4\u00e4 kest\u00e4vyyden, tekniikan ja mukavuuden \u2013 t\u00e4ydellinen valinta vaativalle k\u00e4ytt\u00e4j\u00e4lle.<\/p>\n","protected":false},"featured_media":155703,"template":"","meta":{"_acf_changed":false},"product_brand":[],"product_cat":[879],"product_tag":[],"class_list":{"0":"post-155716","1":"product","2":"type-product","3":"status-publish","4":"has-post-thumbnail","6":"product_cat-sarjat","8":"first","9":"instock","10":"taxable","11":"shipping-taxable","12":"purchasable","13":"product-type-variable"},"acf":[],"_links":{"self":[{"href":"https:\/\/kingarms.ee\/fi\/wp-json\/wp\/v2\/product\/155716","targetHints":{"allow":["GET"]}}],"collection":[{"href":"https:\/\/kingarms.ee\/fi\/wp-json\/wp\/v2\/product"}],"about":[{"href":"https:\/\/kingarms.ee\/fi\/wp-json\/wp\/v2\/types\/product"}],"wp:featuredmedia":[{"embeddable":true,"href":"https:\/\/kingarms.ee\/fi\/wp-json\/wp\/v2\/media\/155703"}],"wp:attachment":[{"href":"https:\/\/kingarms.ee\/fi\/wp-json\/wp\/v2\/media?parent=155716"}],"wp:term":[{"taxonomy":"product_brand","embeddable":true,"href":"https:\/\/kingarms.ee\/fi\/wp-json\/wp\/v2\/product_brand?post=155716"},{"taxonomy":"product_cat","embeddable":true,"href":"https:\/\/kingarms.ee\/fi\/wp-json\/wp\/v2\/product_cat?post=155716"},{"taxonomy":"product_tag","embeddable":true,"href":"https:\/\/kingarms.ee\/fi\/wp-json\/wp\/v2\/product_tag?post=155716"}],"curies":[{"name":"wp","href":"https:\/\/api.w.org\/{rel}","templated":true}]}}