{"id":155928,"date":"2025-11-11T23:56:10","date_gmt":"2025-11-11T20:56:10","guid":{"rendered":"https:\/\/kingarms.ee\/product\/talvimetsastysasu-remington-ram-new\/"},"modified":"2025-11-12T00:03:49","modified_gmt":"2025-11-11T21:03:49","slug":"talvimetsastysasu-remington-ram-new","status":"publish","type":"product","link":"https:\/\/kingarms.ee\/fi\/product\/talvimetsastysasu-remington-ram-new\/","title":{"rendered":"Talvimets\u00e4stysasu Remington &#8220;RAM NEW&#8221;"},"content":{"rendered":"","protected":false},"excerpt":{"rendered":"<p><strong data-start=\"1329\" data-end=\"1352\">Remington &#8220;RAM NEW&#8221;<\/strong> on uuden sukupolven talvimets\u00e4styspuku, joka yhdist\u00e4\u00e4 l\u00e4mm\u00f6neristyksen, kest\u00e4vyyden ja k\u00e4yt\u00e4nn\u00f6llisyyden. Monikerroksinen eristys pit\u00e4\u00e4 kehon l\u00e4mpim\u00e4n\u00e4 aina \u201335 \u00b0C asti, ja vedenpit\u00e4v\u00e4 sek\u00e4 hengitt\u00e4v\u00e4 kalvo suojaa kosteudelta ja tuulelta. Kest\u00e4v\u00e4 kangas ja vahvistetut saumat takaavat pitk\u00e4n k\u00e4ytt\u00f6i\u00e4n my\u00f6s vaativissa olosuhteissa.<br data-start=\"1709\" data-end=\"1712\" \/>Ergonominen leikkaus, s\u00e4\u00e4dett\u00e4v\u00e4t hihansuut ja useat taskut lis\u00e4\u00e4v\u00e4t liikkumisvapautta ja mukavuutta. <strong data-start=\"1828\" data-end=\"1851\">Remington &#8220;RAM NEW&#8221;<\/strong> on ihanteellinen valinta mets\u00e4st\u00e4j\u00e4lle, joka arvostaa suojaa ja luotettavuutta kylm\u00e4ss\u00e4 s\u00e4\u00e4ss\u00e4.<\/p>\n","protected":false},"featured_media":155899,"template":"","meta":{"_acf_changed":false},"product_brand":[],"product_cat":[879],"product_tag":[],"class_list":{"0":"post-155928","1":"product","2":"type-product","3":"status-publish","4":"has-post-thumbnail","6":"product_cat-sarjat","8":"first","9":"instock","10":"taxable","11":"shipping-taxable","12":"purchasable","13":"product-type-variable"},"acf":[],"_links":{"self":[{"href":"https:\/\/kingarms.ee\/fi\/wp-json\/wp\/v2\/product\/155928","targetHints":{"allow":["GET"]}}],"collection":[{"href":"https:\/\/kingarms.ee\/fi\/wp-json\/wp\/v2\/product"}],"about":[{"href":"https:\/\/kingarms.ee\/fi\/wp-json\/wp\/v2\/types\/product"}],"wp:featuredmedia":[{"embeddable":true,"href":"https:\/\/kingarms.ee\/fi\/wp-json\/wp\/v2\/media\/155899"}],"wp:attachment":[{"href":"https:\/\/kingarms.ee\/fi\/wp-json\/wp\/v2\/media?parent=155928"}],"wp:term":[{"taxonomy":"product_brand","embeddable":true,"href":"https:\/\/kingarms.ee\/fi\/wp-json\/wp\/v2\/product_brand?post=155928"},{"taxonomy":"product_cat","embeddable":true,"href":"https:\/\/kingarms.ee\/fi\/wp-json\/wp\/v2\/product_cat?post=155928"},{"taxonomy":"product_tag","embeddable":true,"href":"https:\/\/kingarms.ee\/fi\/wp-json\/wp\/v2\/product_tag?post=155928"}],"curies":[{"name":"wp","href":"https:\/\/api.w.org\/{rel}","templated":true}]}}