{"id":155982,"date":"2025-11-12T00:14:37","date_gmt":"2025-11-11T21:14:37","guid":{"rendered":"https:\/\/kingarms.ee\/product\/talvipuku-remington-men-shadow-brown\/"},"modified":"2025-11-12T00:25:30","modified_gmt":"2025-11-11T21:25:30","slug":"talvipuku-remington-men-shadow-brown","status":"publish","type":"product","link":"https:\/\/kingarms.ee\/fi\/product\/talvipuku-remington-men-shadow-brown\/","title":{"rendered":"Talvipuku Remington Men Shadow Brown"},"content":{"rendered":"","protected":false},"excerpt":{"rendered":"<p><strong data-start=\"1404\" data-end=\"1434\">Remington Men Shadow Brown<\/strong> on tyylik\u00e4s ja l\u00e4mmin talvipuku, suunniteltu aktiivisille miehille, jotka arvostavat suojaa ja k\u00e4ytt\u00f6mukavuutta. Monikerroksinen eristys pit\u00e4\u00e4 kehon l\u00e4mpim\u00e4n\u00e4 jopa \u201330 \u00b0C pakkasessa, ja vedenpit\u00e4v\u00e4, hengitt\u00e4v\u00e4 kalvo suojaa tuulelta ja lumelta. Ruskea s\u00e4vy Shadow Brown sulautuu luonnon s\u00e4vyihin, tehden siit\u00e4 erinomaisen valinnan sek\u00e4 mets\u00e4stykseen ett\u00e4 arkeen.<\/p>\n<p><br data-start=\"1838\" data-end=\"1841\" \/>Ergonominen leikkaus, irrotettava huppu ja useat taskut tarjoavat k\u00e4yt\u00e4nn\u00f6llisyytt\u00e4 ja liikkumisvapautta. Vahvistetut polvet ja kyyn\u00e4rp\u00e4\u00e4t lis\u00e4\u00e4v\u00e4t kest\u00e4vyytt\u00e4. <strong data-start=\"2016\" data-end=\"2046\">Remington Men Shadow Brown <\/strong>yhdist\u00e4\u00e4 teknisen suorituskyvyn ja modernin ulkon\u00e4\u00f6n \u2013 t\u00e4ydellinen talvivaruste vaativalle k\u00e4ytt\u00e4j\u00e4lle.<\/p>\n","protected":false},"featured_media":155946,"template":"","meta":{"_acf_changed":false},"product_brand":[],"product_cat":[879],"product_tag":[],"class_list":{"0":"post-155982","1":"product","2":"type-product","3":"status-publish","4":"has-post-thumbnail","6":"product_cat-sarjat","8":"first","9":"instock","10":"taxable","11":"shipping-taxable","12":"purchasable","13":"product-type-variable"},"acf":[],"_links":{"self":[{"href":"https:\/\/kingarms.ee\/fi\/wp-json\/wp\/v2\/product\/155982","targetHints":{"allow":["GET"]}}],"collection":[{"href":"https:\/\/kingarms.ee\/fi\/wp-json\/wp\/v2\/product"}],"about":[{"href":"https:\/\/kingarms.ee\/fi\/wp-json\/wp\/v2\/types\/product"}],"wp:featuredmedia":[{"embeddable":true,"href":"https:\/\/kingarms.ee\/fi\/wp-json\/wp\/v2\/media\/155946"}],"wp:attachment":[{"href":"https:\/\/kingarms.ee\/fi\/wp-json\/wp\/v2\/media?parent=155982"}],"wp:term":[{"taxonomy":"product_brand","embeddable":true,"href":"https:\/\/kingarms.ee\/fi\/wp-json\/wp\/v2\/product_brand?post=155982"},{"taxonomy":"product_cat","embeddable":true,"href":"https:\/\/kingarms.ee\/fi\/wp-json\/wp\/v2\/product_cat?post=155982"},{"taxonomy":"product_tag","embeddable":true,"href":"https:\/\/kingarms.ee\/fi\/wp-json\/wp\/v2\/product_tag?post=155982"}],"curies":[{"name":"wp","href":"https:\/\/api.w.org\/{rel}","templated":true}]}}