{"id":156082,"date":"2025-11-12T00:53:26","date_gmt":"2025-11-11T21:53:26","guid":{"rendered":"https:\/\/kingarms.ee\/product\/talvipuku-remington-long-trail-timber\/"},"modified":"2025-11-12T01:03:35","modified_gmt":"2025-11-11T22:03:35","slug":"talvipuku-remington-long-trail-timber","status":"publish","type":"product","link":"https:\/\/kingarms.ee\/fi\/product\/talvipuku-remington-long-trail-timber\/","title":{"rendered":"Talvipuku Remington Long Trail Timber"},"content":{"rendered":"","protected":false},"excerpt":{"rendered":"<p>Remington Long Trail Timber on suunniteltu mets\u00e4st\u00e4jille ja kalastajille, jotka arvostavat l\u00e4mp\u00f6\u00e4, suojaa ja kest\u00e4vyytt\u00e4 kylmiss\u00e4 olosuhteissa. Monikerroksinen eristys pit\u00e4\u00e4 kehon l\u00e4mpim\u00e4n\u00e4 jopa \u201335 \u00b0C pakkasessa, ja vedenpit\u00e4v\u00e4 sek\u00e4 hengitt\u00e4v\u00e4 kalvo est\u00e4\u00e4 kosteuden ja tuulen p\u00e4\u00e4syn sis\u00e4\u00e4n. Timber-camokuvio sulautuu t\u00e4ydellisesti mets\u00e4n s\u00e4vyihin ja tarjoaa erinomaisen naamioinnin. <br data-start=\"1900\" data-end=\"1903\" \/>Ergonominen leikkaus, irrotettava huppu, vahvistetut polvet ja kyyn\u00e4rp\u00e4\u00e4t sek\u00e4 k\u00e4yt\u00e4nn\u00f6lliset taskut tekev\u00e4t t\u00e4st\u00e4 puvusta luotettavan ja mukavan. <strong data-start=\"2086\" data-end=\"2117\">Remington Long Trail Timber <\/strong>yhdist\u00e4\u00e4 teknisen suorituskyvyn, mukavuuden ja tyylin \u2014 erinomainen valinta pitkille talvireissuille.<\/p>\n","protected":false},"featured_media":156037,"template":"","meta":{"_acf_changed":false},"product_brand":[],"product_cat":[879],"product_tag":[],"class_list":{"0":"post-156082","1":"product","2":"type-product","3":"status-publish","4":"has-post-thumbnail","6":"product_cat-sarjat","8":"first","9":"instock","10":"taxable","11":"shipping-taxable","12":"purchasable","13":"product-type-variable"},"acf":[],"_links":{"self":[{"href":"https:\/\/kingarms.ee\/fi\/wp-json\/wp\/v2\/product\/156082","targetHints":{"allow":["GET"]}}],"collection":[{"href":"https:\/\/kingarms.ee\/fi\/wp-json\/wp\/v2\/product"}],"about":[{"href":"https:\/\/kingarms.ee\/fi\/wp-json\/wp\/v2\/types\/product"}],"wp:featuredmedia":[{"embeddable":true,"href":"https:\/\/kingarms.ee\/fi\/wp-json\/wp\/v2\/media\/156037"}],"wp:attachment":[{"href":"https:\/\/kingarms.ee\/fi\/wp-json\/wp\/v2\/media?parent=156082"}],"wp:term":[{"taxonomy":"product_brand","embeddable":true,"href":"https:\/\/kingarms.ee\/fi\/wp-json\/wp\/v2\/product_brand?post=156082"},{"taxonomy":"product_cat","embeddable":true,"href":"https:\/\/kingarms.ee\/fi\/wp-json\/wp\/v2\/product_cat?post=156082"},{"taxonomy":"product_tag","embeddable":true,"href":"https:\/\/kingarms.ee\/fi\/wp-json\/wp\/v2\/product_tag?post=156082"}],"curies":[{"name":"wp","href":"https:\/\/api.w.org\/{rel}","templated":true}]}}