{"id":156134,"date":"2025-11-12T23:51:09","date_gmt":"2025-11-12T20:51:09","guid":{"rendered":"https:\/\/kingarms.ee\/product\/haalari-remington-lifeguard\/"},"modified":"2025-11-13T00:00:07","modified_gmt":"2025-11-12T21:00:07","slug":"haalari-remington-lifeguard","status":"publish","type":"product","link":"https:\/\/kingarms.ee\/fi\/product\/haalari-remington-lifeguard\/","title":{"rendered":"Haalari Remington Lifeguard"},"content":{"rendered":"","protected":false},"excerpt":{"rendered":"<p><strong data-start=\"1311\" data-end=\"1334\">Remington Lifeguard <\/strong>on l\u00e4mp\u00f6haalari, joka on suunniteltu kalastukseen, pelastusteht\u00e4viin ja ty\u00f6skentelyyn kylmiss\u00e4 sek\u00e4 kosteissa olosuhteissa. Monikerroksinen eristys pit\u00e4\u00e4 kehon l\u00e4mpim\u00e4n\u00e4 jopa \u201330 \u00b0C pakkasessa, ja vedenpit\u00e4v\u00e4, hengitt\u00e4v\u00e4 kalvo est\u00e4\u00e4 kosteuden p\u00e4\u00e4syn sis\u00e4\u00e4n. Materiaali on kulutusta kest\u00e4v\u00e4\u00e4 ja mukavaa pitk\u00e4aikaisessa k\u00e4yt\u00f6ss\u00e4. <br data-start=\"1673\" data-end=\"1676\" \/>Haalari sis\u00e4lt\u00e4\u00e4 s\u00e4\u00e4dett\u00e4v\u00e4t hihansuut ja hupun, vahvistetut polvet ja kyyn\u00e4rp\u00e4\u00e4t sek\u00e4 useita k\u00e4yt\u00e4nn\u00f6llisi\u00e4 taskuja. <strong data-start=\"1862\" data-end=\"1885\">Remington Lifeguard <\/strong>yhdist\u00e4\u00e4 suojan, liikkumisvapauden ja turvallisuuden \u2014 erinomainen valinta aktiiviseen talvik\u00e4ytt\u00f6\u00f6n ja ammattilaisille.<\/p>\n","protected":false},"featured_media":156108,"template":"","meta":{"_acf_changed":false},"product_brand":[],"product_cat":[879],"product_tag":[],"class_list":{"0":"post-156134","1":"product","2":"type-product","3":"status-publish","4":"has-post-thumbnail","6":"product_cat-sarjat","8":"first","9":"instock","10":"taxable","11":"shipping-taxable","12":"purchasable","13":"product-type-variable"},"acf":[],"_links":{"self":[{"href":"https:\/\/kingarms.ee\/fi\/wp-json\/wp\/v2\/product\/156134","targetHints":{"allow":["GET"]}}],"collection":[{"href":"https:\/\/kingarms.ee\/fi\/wp-json\/wp\/v2\/product"}],"about":[{"href":"https:\/\/kingarms.ee\/fi\/wp-json\/wp\/v2\/types\/product"}],"wp:featuredmedia":[{"embeddable":true,"href":"https:\/\/kingarms.ee\/fi\/wp-json\/wp\/v2\/media\/156108"}],"wp:attachment":[{"href":"https:\/\/kingarms.ee\/fi\/wp-json\/wp\/v2\/media?parent=156134"}],"wp:term":[{"taxonomy":"product_brand","embeddable":true,"href":"https:\/\/kingarms.ee\/fi\/wp-json\/wp\/v2\/product_brand?post=156134"},{"taxonomy":"product_cat","embeddable":true,"href":"https:\/\/kingarms.ee\/fi\/wp-json\/wp\/v2\/product_cat?post=156134"},{"taxonomy":"product_tag","embeddable":true,"href":"https:\/\/kingarms.ee\/fi\/wp-json\/wp\/v2\/product_tag?post=156134"}],"curies":[{"name":"wp","href":"https:\/\/api.w.org\/{rel}","templated":true}]}}