{"id":156181,"date":"2025-11-13T00:10:15","date_gmt":"2025-11-12T21:10:15","guid":{"rendered":"https:\/\/kingarms.ee\/product\/takki-remington-heat-strategy-dark-blue\/"},"modified":"2025-11-13T00:24:04","modified_gmt":"2025-11-12T21:24:04","slug":"takki-remington-heat-strategy-dark-blue","status":"publish","type":"product","link":"https:\/\/kingarms.ee\/fi\/product\/takki-remington-heat-strategy-dark-blue\/","title":{"rendered":"Takki Remington Heat Strategy Dark Blue"},"content":{"rendered":"","protected":false},"excerpt":{"rendered":"<p data-start=\"1336\" data-end=\"1968\">Remington <strong data-start=\"1336\" data-end=\"1373\">Heat Strategy Dark Blue <\/strong>on l\u00e4mmin ja kevyt takki, joka tarjoaa mukavuutta ja suojaa kylmiss\u00e4 olosuhteissa. L\u00e4mp\u00f6eristysj\u00e4rjestelm\u00e4 s\u00e4ilytt\u00e4\u00e4 kehon l\u00e4mm\u00f6n, ja hengitt\u00e4v\u00e4 materiaali est\u00e4\u00e4 liiallisen kuumenemisen. Takki on tuulen- ja vedenpit\u00e4v\u00e4, joten se sopii t\u00e4ydellisesti sek\u00e4 kaupunkik\u00e4ytt\u00f6\u00f6n ett\u00e4 ulkoiluun. <br data-start=\"1687\" data-end=\"1690\" \/>Ergonominen leikkaus, s\u00e4\u00e4dett\u00e4v\u00e4 huppu ja vetoketjulliset taskut tarjoavat k\u00e4yt\u00e4nn\u00f6llisyytt\u00e4 ja liikkumisvapautta. Remington <strong data-start=\"1840\" data-end=\"1877\">Heat Strategy Dark Blue <\/strong>yhdist\u00e4\u00e4 teknisen suorituskyvyn, modernin muotoilun ja tyylikk\u00e4\u00e4n ulkon\u00e4\u00f6n aktiiviseen el\u00e4m\u00e4ntapaan.<\/p>\n","protected":false},"featured_media":156146,"template":"","meta":{"_acf_changed":false},"product_brand":[],"product_cat":[642],"product_tag":[],"class_list":{"0":"post-156181","1":"product","2":"type-product","3":"status-publish","4":"has-post-thumbnail","6":"product_cat-joped-fi","8":"first","9":"instock","10":"taxable","11":"shipping-taxable","12":"purchasable","13":"product-type-variable"},"acf":[],"_links":{"self":[{"href":"https:\/\/kingarms.ee\/fi\/wp-json\/wp\/v2\/product\/156181","targetHints":{"allow":["GET"]}}],"collection":[{"href":"https:\/\/kingarms.ee\/fi\/wp-json\/wp\/v2\/product"}],"about":[{"href":"https:\/\/kingarms.ee\/fi\/wp-json\/wp\/v2\/types\/product"}],"wp:featuredmedia":[{"embeddable":true,"href":"https:\/\/kingarms.ee\/fi\/wp-json\/wp\/v2\/media\/156146"}],"wp:attachment":[{"href":"https:\/\/kingarms.ee\/fi\/wp-json\/wp\/v2\/media?parent=156181"}],"wp:term":[{"taxonomy":"product_brand","embeddable":true,"href":"https:\/\/kingarms.ee\/fi\/wp-json\/wp\/v2\/product_brand?post=156181"},{"taxonomy":"product_cat","embeddable":true,"href":"https:\/\/kingarms.ee\/fi\/wp-json\/wp\/v2\/product_cat?post=156181"},{"taxonomy":"product_tag","embeddable":true,"href":"https:\/\/kingarms.ee\/fi\/wp-json\/wp\/v2\/product_tag?post=156181"}],"curies":[{"name":"wp","href":"https:\/\/api.w.org\/{rel}","templated":true}]}}