{"id":156233,"date":"2025-11-13T00:35:36","date_gmt":"2025-11-12T21:35:36","guid":{"rendered":"https:\/\/kingarms.ee\/product\/untuvatakki-remington-heman\/"},"modified":"2025-11-13T00:47:03","modified_gmt":"2025-11-12T21:47:03","slug":"untuvatakki-remington-heman","status":"publish","type":"product","link":"https:\/\/kingarms.ee\/fi\/product\/untuvatakki-remington-heman\/","title":{"rendered":"Untuvatakki Remington &#8220;Heman&#8221;"},"content":{"rendered":"","protected":false},"excerpt":{"rendered":"<p><strong data-start=\"1330\" data-end=\"1351\">Remington &#8220;Heman&#8221; <\/strong>on korkealaatuinen untuvatakki, joka tarjoaa poikkeuksellista l\u00e4mp\u00f6\u00e4 ja mukavuutta kylmiss\u00e4 olosuhteissa. Luonnollinen untuvat\u00e4yte on kevyt, mutta eritt\u00e4in erist\u00e4v\u00e4, ja veden- sek\u00e4 tuulenpit\u00e4v\u00e4 ulkokangas suojaa tehokkaasti s\u00e4\u00e4lt\u00e4. Takki sopii t\u00e4ydellisesti niin kaupunkik\u00e4ytt\u00f6\u00f6n kuin ulkoiluun. <br data-start=\"1682\" data-end=\"1685\" \/>Irrotettava huppu, s\u00e4\u00e4dett\u00e4v\u00e4t hihansuut ja vetoketjulliset taskut lis\u00e4\u00e4v\u00e4t k\u00e4yt\u00e4nn\u00f6llisyytt\u00e4 ja k\u00e4ytt\u00f6mukavuutta. <strong data-start=\"1843\" data-end=\"1864\">Remington &#8220;Heman&#8221; <\/strong>yhdist\u00e4\u00e4 klassisen tyylin, keveyden ja l\u00e4mm\u00f6n \u2013 t\u00e4ydellinen valinta miehelle, joka arvostaa laatua ja suojaa talvella.<\/p>\n","protected":false},"featured_media":156207,"template":"","meta":{"_acf_changed":false},"product_brand":[],"product_cat":[642],"product_tag":[],"class_list":{"0":"post-156233","1":"product","2":"type-product","3":"status-publish","4":"has-post-thumbnail","6":"product_cat-joped-fi","8":"first","9":"instock","10":"taxable","11":"shipping-taxable","12":"purchasable","13":"product-type-variable"},"acf":[],"_links":{"self":[{"href":"https:\/\/kingarms.ee\/fi\/wp-json\/wp\/v2\/product\/156233","targetHints":{"allow":["GET"]}}],"collection":[{"href":"https:\/\/kingarms.ee\/fi\/wp-json\/wp\/v2\/product"}],"about":[{"href":"https:\/\/kingarms.ee\/fi\/wp-json\/wp\/v2\/types\/product"}],"wp:featuredmedia":[{"embeddable":true,"href":"https:\/\/kingarms.ee\/fi\/wp-json\/wp\/v2\/media\/156207"}],"wp:attachment":[{"href":"https:\/\/kingarms.ee\/fi\/wp-json\/wp\/v2\/media?parent=156233"}],"wp:term":[{"taxonomy":"product_brand","embeddable":true,"href":"https:\/\/kingarms.ee\/fi\/wp-json\/wp\/v2\/product_brand?post=156233"},{"taxonomy":"product_cat","embeddable":true,"href":"https:\/\/kingarms.ee\/fi\/wp-json\/wp\/v2\/product_cat?post=156233"},{"taxonomy":"product_tag","embeddable":true,"href":"https:\/\/kingarms.ee\/fi\/wp-json\/wp\/v2\/product_tag?post=156233"}],"curies":[{"name":"wp","href":"https:\/\/api.w.org\/{rel}","templated":true}]}}