{"id":156287,"date":"2025-11-13T00:57:02","date_gmt":"2025-11-12T21:57:02","guid":{"rendered":"https:\/\/kingarms.ee\/product\/takki-remington-bullfinch\/"},"modified":"2025-11-13T01:05:14","modified_gmt":"2025-11-12T22:05:14","slug":"takki-remington-bullfinch","status":"publish","type":"product","link":"https:\/\/kingarms.ee\/fi\/product\/takki-remington-bullfinch\/","title":{"rendered":"Takki Remington Bullfinch"},"content":{"rendered":"","protected":false},"excerpt":{"rendered":"<p><strong data-start=\"1248\" data-end=\"1271\">Remington Bullfinch <\/strong>on kevyt ja l\u00e4mmin takki, joka sopii erinomaisesti talvi- ja v\u00e4likausik\u00e4ytt\u00f6\u00f6n. L\u00e4mp\u00f6eristys pit\u00e4\u00e4 kehon miellytt\u00e4v\u00e4n l\u00e4mpim\u00e4n\u00e4 aina \u201325 \u00b0C pakkasessa, ja vedenpit\u00e4v\u00e4, hengitt\u00e4v\u00e4 materiaali suojaa sateelta ja tuulelta. Hillitty muotoilu tekee siit\u00e4 monik\u00e4ytt\u00f6isen takin arkeen ja ulkoiluun.<br data-start=\"1592\" data-end=\"1595\" \/>S\u00e4\u00e4dett\u00e4v\u00e4 huppu, vetoketjulliset taskut ja joustavat hihansuut tarjoavat k\u00e4yt\u00e4nn\u00f6llisyytt\u00e4 ja mukavuutta. <strong data-start=\"1703\" data-end=\"1726\">Remington Bullfinch <\/strong>yhdist\u00e4\u00e4 teknisen suorituskyvyn, tyylikkyyden ja kest\u00e4vyyden \u2014 t\u00e4ydellinen valinta aktiiviselle miehelle kylm\u00e4\u00e4n vuodenaikaan.<\/p>\n","protected":false},"featured_media":156254,"template":"","meta":{"_acf_changed":false},"product_brand":[],"product_cat":[642],"product_tag":[],"class_list":{"0":"post-156287","1":"product","2":"type-product","3":"status-publish","4":"has-post-thumbnail","6":"product_cat-joped-fi","8":"first","9":"instock","10":"taxable","11":"shipping-taxable","12":"purchasable","13":"product-type-variable"},"acf":[],"_links":{"self":[{"href":"https:\/\/kingarms.ee\/fi\/wp-json\/wp\/v2\/product\/156287","targetHints":{"allow":["GET"]}}],"collection":[{"href":"https:\/\/kingarms.ee\/fi\/wp-json\/wp\/v2\/product"}],"about":[{"href":"https:\/\/kingarms.ee\/fi\/wp-json\/wp\/v2\/types\/product"}],"wp:featuredmedia":[{"embeddable":true,"href":"https:\/\/kingarms.ee\/fi\/wp-json\/wp\/v2\/media\/156254"}],"wp:attachment":[{"href":"https:\/\/kingarms.ee\/fi\/wp-json\/wp\/v2\/media?parent=156287"}],"wp:term":[{"taxonomy":"product_brand","embeddable":true,"href":"https:\/\/kingarms.ee\/fi\/wp-json\/wp\/v2\/product_brand?post=156287"},{"taxonomy":"product_cat","embeddable":true,"href":"https:\/\/kingarms.ee\/fi\/wp-json\/wp\/v2\/product_cat?post=156287"},{"taxonomy":"product_tag","embeddable":true,"href":"https:\/\/kingarms.ee\/fi\/wp-json\/wp\/v2\/product_tag?post=156287"}],"curies":[{"name":"wp","href":"https:\/\/api.w.org\/{rel}","templated":true}]}}