{"id":156339,"date":"2025-11-13T01:21:53","date_gmt":"2025-11-12T22:21:53","guid":{"rendered":"https:\/\/kingarms.ee\/product\/takki-remington-urban-city-camo\/"},"modified":"2025-11-13T01:37:02","modified_gmt":"2025-11-12T22:37:02","slug":"takki-remington-urban-city-camo","status":"publish","type":"product","link":"https:\/\/kingarms.ee\/fi\/product\/takki-remington-urban-city-camo\/","title":{"rendered":"Takki Remington Urban City Camo"},"content":{"rendered":"","protected":false},"excerpt":{"rendered":"<p><strong data-start=\"1245\" data-end=\"1274\">Remington Urban City Camo <\/strong>on tyylik\u00e4s ja k\u00e4yt\u00e4nn\u00f6llinen kaupunkitakki, joka yhdist\u00e4\u00e4 suojan ja mukavuuden. Kevyt, veden- ja tuulenpit\u00e4v\u00e4 materiaali pit\u00e4\u00e4 olon miellytt\u00e4v\u00e4n\u00e4, ja hengitt\u00e4v\u00e4 vuori est\u00e4\u00e4 liiallisen kuumenemisen. Kaupunkicamo-kuvio tuo asuun modernia ja urheilullista ilmett\u00e4.<\/p>\n<p><br data-start=\"1586\" data-end=\"1589\" \/>S\u00e4\u00e4dett\u00e4v\u00e4 huppu, joustavat hihansuut ja k\u00e4yt\u00e4nn\u00f6lliset taskut tekev\u00e4t takista toimivan ja monik\u00e4ytt\u00f6isen. <strong data-start=\"1727\" data-end=\"1756\">Remington Urban City Camo<\/strong> tarjoaa t\u00e4ydellisen tasapainon tyylin, mukavuuden ja suojan v\u00e4lill\u00e4 \u2013 erinomainen valinta aktiiviseen kaupunkiel\u00e4m\u00e4\u00e4n.<\/p>\n","protected":false},"featured_media":156311,"template":"","meta":{"_acf_changed":false},"product_brand":[],"product_cat":[642],"product_tag":[],"class_list":{"0":"post-156339","1":"product","2":"type-product","3":"status-publish","4":"has-post-thumbnail","6":"product_cat-joped-fi","8":"first","9":"instock","10":"taxable","11":"shipping-taxable","12":"purchasable","13":"product-type-variable"},"acf":[],"_links":{"self":[{"href":"https:\/\/kingarms.ee\/fi\/wp-json\/wp\/v2\/product\/156339","targetHints":{"allow":["GET"]}}],"collection":[{"href":"https:\/\/kingarms.ee\/fi\/wp-json\/wp\/v2\/product"}],"about":[{"href":"https:\/\/kingarms.ee\/fi\/wp-json\/wp\/v2\/types\/product"}],"wp:featuredmedia":[{"embeddable":true,"href":"https:\/\/kingarms.ee\/fi\/wp-json\/wp\/v2\/media\/156311"}],"wp:attachment":[{"href":"https:\/\/kingarms.ee\/fi\/wp-json\/wp\/v2\/media?parent=156339"}],"wp:term":[{"taxonomy":"product_brand","embeddable":true,"href":"https:\/\/kingarms.ee\/fi\/wp-json\/wp\/v2\/product_brand?post=156339"},{"taxonomy":"product_cat","embeddable":true,"href":"https:\/\/kingarms.ee\/fi\/wp-json\/wp\/v2\/product_cat?post=156339"},{"taxonomy":"product_tag","embeddable":true,"href":"https:\/\/kingarms.ee\/fi\/wp-json\/wp\/v2\/product_tag?post=156339"}],"curies":[{"name":"wp","href":"https:\/\/api.w.org\/{rel}","templated":true}]}}