{"id":156403,"date":"2025-11-13T11:27:33","date_gmt":"2025-11-13T08:27:33","guid":{"rendered":"https:\/\/kingarms.ee\/product\/valikausipuku-remington-himalayan-safari-new\/"},"modified":"2025-11-13T11:37:36","modified_gmt":"2025-11-13T08:37:36","slug":"valikausipuku-remington-himalayan-safari-new","status":"publish","type":"product","link":"https:\/\/kingarms.ee\/fi\/product\/valikausipuku-remington-himalayan-safari-new\/","title":{"rendered":"V\u00e4likausipuku Remington Himalayan Safari New"},"content":{"rendered":"","protected":false},"excerpt":{"rendered":"<p><strong data-start=\"1440\" data-end=\"1474\">Remington Himalayan Safari New<\/strong> on monik\u00e4ytt\u00f6inen v\u00e4likausipuku, joka tarjoaa suojaa ja mukavuutta kev\u00e4\u00e4n ja syksyn vaihtelevissa s\u00e4\u00e4olosuhteissa. Kevyt mutta kest\u00e4v\u00e4 kangas hylkii kosteutta ja tuulta, ja hengitt\u00e4v\u00e4 vuori pit\u00e4\u00e4 olon miellytt\u00e4v\u00e4n\u00e4 pitk\u00e4\u00e4n. Safari-tyylinen leikkaus ja luonnonl\u00e4heinen v\u00e4ri tekev\u00e4t siit\u00e4 sek\u00e4 tyylikk\u00e4\u00e4n ett\u00e4 k\u00e4yt\u00e4nn\u00f6llisen. <br data-start=\"1752\" data-end=\"1755\" \/>S\u00e4\u00e4dett\u00e4v\u00e4t hihansuut ja lahkeensuut sek\u00e4 useat taskut lis\u00e4\u00e4v\u00e4t toiminnallisuutta. <strong data-start=\"1914\" data-end=\"1948\">Remington Himalayan Safari New<\/strong> yhdist\u00e4\u00e4 kest\u00e4vyyden, mukavuuden ja vapauden liikkua \u2013 t\u00e4ydellinen valinta mets\u00e4stykseen, kalastukseen ja retkeilyyn.<\/p>\n","protected":false},"featured_media":156353,"template":"","meta":{"_acf_changed":false},"product_brand":[],"product_cat":[879],"product_tag":[],"class_list":{"0":"post-156403","1":"product","2":"type-product","3":"status-publish","4":"has-post-thumbnail","6":"product_cat-sarjat","8":"first","9":"instock","10":"taxable","11":"shipping-taxable","12":"purchasable","13":"product-type-variable"},"acf":[],"_links":{"self":[{"href":"https:\/\/kingarms.ee\/fi\/wp-json\/wp\/v2\/product\/156403","targetHints":{"allow":["GET"]}}],"collection":[{"href":"https:\/\/kingarms.ee\/fi\/wp-json\/wp\/v2\/product"}],"about":[{"href":"https:\/\/kingarms.ee\/fi\/wp-json\/wp\/v2\/types\/product"}],"wp:featuredmedia":[{"embeddable":true,"href":"https:\/\/kingarms.ee\/fi\/wp-json\/wp\/v2\/media\/156353"}],"wp:attachment":[{"href":"https:\/\/kingarms.ee\/fi\/wp-json\/wp\/v2\/media?parent=156403"}],"wp:term":[{"taxonomy":"product_brand","embeddable":true,"href":"https:\/\/kingarms.ee\/fi\/wp-json\/wp\/v2\/product_brand?post=156403"},{"taxonomy":"product_cat","embeddable":true,"href":"https:\/\/kingarms.ee\/fi\/wp-json\/wp\/v2\/product_cat?post=156403"},{"taxonomy":"product_tag","embeddable":true,"href":"https:\/\/kingarms.ee\/fi\/wp-json\/wp\/v2\/product_tag?post=156403"}],"curies":[{"name":"wp","href":"https:\/\/api.w.org\/{rel}","templated":true}]}}