{"id":156820,"date":"2025-11-13T14:10:39","date_gmt":"2025-11-13T11:10:39","guid":{"rendered":"https:\/\/kingarms.ee\/product\/valikausipuku-remington-stalker-green-forest\/"},"modified":"2025-11-13T14:21:14","modified_gmt":"2025-11-13T11:21:14","slug":"valikausipuku-remington-stalker-green-forest","status":"publish","type":"product","link":"https:\/\/kingarms.ee\/fi\/product\/valikausipuku-remington-stalker-green-forest\/","title":{"rendered":"V\u00e4likausipuku Remington Stalker Green Forest"},"content":{"rendered":"","protected":false},"excerpt":{"rendered":"<p><strong data-start=\"1406\" data-end=\"1440\">Remington Stalker Green Forest<\/strong> on laadukas v\u00e4likausipuku, joka tarjoaa suojaa, mukavuutta ja liikkumisvapautta. Hengitt\u00e4v\u00e4 ja kevyt kangas pit\u00e4\u00e4 olon miellytt\u00e4v\u00e4n\u00e4, ja vedenpit\u00e4v\u00e4 kalvo suojaa tuulelta ja sateelta. Green Forest -kuosi tarjoaa luonnollisen naamioinnin mets\u00e4olosuhteissa.<br data-start=\"1725\" data-end=\"1728\" \/>Ergonominen leikkaus, vahvistetut saumat ja useat taskut lis\u00e4\u00e4v\u00e4t k\u00e4yt\u00e4nn\u00f6llisyytt\u00e4. <strong data-start=\"1838\" data-end=\"1872\">Remington Stalker Green Forest<\/strong> yhdist\u00e4\u00e4 teknisen suorituskyvyn ja kest\u00e4vyyden \u2014 erinomainen valinta aktiiviselle mets\u00e4st\u00e4j\u00e4lle ja ulkoilijalle kev\u00e4\u00e4ll\u00e4 ja syksyll\u00e4.<\/p>\n","protected":false},"featured_media":156798,"template":"","meta":{"_acf_changed":false},"product_brand":[],"product_cat":[879],"product_tag":[],"class_list":{"0":"post-156820","1":"product","2":"type-product","3":"status-publish","4":"has-post-thumbnail","6":"product_cat-sarjat","8":"first","9":"instock","10":"taxable","11":"shipping-taxable","12":"purchasable","13":"product-type-variable"},"acf":[],"_links":{"self":[{"href":"https:\/\/kingarms.ee\/fi\/wp-json\/wp\/v2\/product\/156820","targetHints":{"allow":["GET"]}}],"collection":[{"href":"https:\/\/kingarms.ee\/fi\/wp-json\/wp\/v2\/product"}],"about":[{"href":"https:\/\/kingarms.ee\/fi\/wp-json\/wp\/v2\/types\/product"}],"wp:featuredmedia":[{"embeddable":true,"href":"https:\/\/kingarms.ee\/fi\/wp-json\/wp\/v2\/media\/156798"}],"wp:attachment":[{"href":"https:\/\/kingarms.ee\/fi\/wp-json\/wp\/v2\/media?parent=156820"}],"wp:term":[{"taxonomy":"product_brand","embeddable":true,"href":"https:\/\/kingarms.ee\/fi\/wp-json\/wp\/v2\/product_brand?post=156820"},{"taxonomy":"product_cat","embeddable":true,"href":"https:\/\/kingarms.ee\/fi\/wp-json\/wp\/v2\/product_cat?post=156820"},{"taxonomy":"product_tag","embeddable":true,"href":"https:\/\/kingarms.ee\/fi\/wp-json\/wp\/v2\/product_tag?post=156820"}],"curies":[{"name":"wp","href":"https:\/\/api.w.org\/{rel}","templated":true}]}}