{"id":156868,"date":"2025-11-13T14:36:47","date_gmt":"2025-11-13T11:36:47","guid":{"rendered":"https:\/\/kingarms.ee\/product\/puku-remington-duck-hunting-yellow-waterfowl-honeycombs\/"},"modified":"2025-11-13T14:50:31","modified_gmt":"2025-11-13T11:50:31","slug":"puku-remington-duck-hunting-yellow-waterfowl-honeycombs","status":"publish","type":"product","link":"https:\/\/kingarms.ee\/fi\/product\/puku-remington-duck-hunting-yellow-waterfowl-honeycombs\/","title":{"rendered":"Puku Remington Duck Hunting Yellow Waterfowl Honeycombs"},"content":{"rendered":"","protected":false},"excerpt":{"rendered":"<p data-start=\"1546\" data-end=\"2173\">Remington Duck Hunting Yellow Waterfowl Honeycombs on suunniteltu vesilintumets\u00e4stykseen ja kosteisiin olosuhteisiin. Vedenpit\u00e4v\u00e4 ja hengitt\u00e4v\u00e4 materiaali pit\u00e4\u00e4 olon kuivana ja mukavana, kun taas kevyt rakenne takaa liikkumisvapauden. Honeycombs-kuvio ja luonnollinen v\u00e4ris\u00e4vy auttavat sulautumaan ymp\u00e4rist\u00f6\u00f6n tehokkaasti.<br data-start=\"1906\" data-end=\"1909\" \/>S\u00e4\u00e4dett\u00e4v\u00e4t hihansuut, vahvistetut polvet ja k\u00e4yt\u00e4nn\u00f6lliset taskut lis\u00e4\u00e4v\u00e4t toimivuutta. Remington Duck Hunting Yellow Waterfowl Honeycombs yhdist\u00e4\u00e4 kest\u00e4vyyden, mukavuuden ja huipputason teknologian \u2014 t\u00e4ydellinen valinta vaativalle mets\u00e4st\u00e4j\u00e4lle.<\/p>\n","protected":false},"featured_media":156833,"template":"","meta":{"_acf_changed":false},"product_brand":[],"product_cat":[879],"product_tag":[],"class_list":{"0":"post-156868","1":"product","2":"type-product","3":"status-publish","4":"has-post-thumbnail","6":"product_cat-sarjat","8":"first","9":"instock","10":"taxable","11":"shipping-taxable","12":"purchasable","13":"product-type-variable"},"acf":[],"_links":{"self":[{"href":"https:\/\/kingarms.ee\/fi\/wp-json\/wp\/v2\/product\/156868","targetHints":{"allow":["GET"]}}],"collection":[{"href":"https:\/\/kingarms.ee\/fi\/wp-json\/wp\/v2\/product"}],"about":[{"href":"https:\/\/kingarms.ee\/fi\/wp-json\/wp\/v2\/types\/product"}],"wp:featuredmedia":[{"embeddable":true,"href":"https:\/\/kingarms.ee\/fi\/wp-json\/wp\/v2\/media\/156833"}],"wp:attachment":[{"href":"https:\/\/kingarms.ee\/fi\/wp-json\/wp\/v2\/media?parent=156868"}],"wp:term":[{"taxonomy":"product_brand","embeddable":true,"href":"https:\/\/kingarms.ee\/fi\/wp-json\/wp\/v2\/product_brand?post=156868"},{"taxonomy":"product_cat","embeddable":true,"href":"https:\/\/kingarms.ee\/fi\/wp-json\/wp\/v2\/product_cat?post=156868"},{"taxonomy":"product_tag","embeddable":true,"href":"https:\/\/kingarms.ee\/fi\/wp-json\/wp\/v2\/product_tag?post=156868"}],"curies":[{"name":"wp","href":"https:\/\/api.w.org\/{rel}","templated":true}]}}