{"id":156937,"date":"2025-11-13T15:27:05","date_gmt":"2025-11-13T12:27:05","guid":{"rendered":"https:\/\/kingarms.ee\/product\/puku-remington-stalker-renewed-figure\/"},"modified":"2025-11-13T15:33:53","modified_gmt":"2025-11-13T12:33:53","slug":"puku-remington-stalker-renewed-figure","status":"publish","type":"product","link":"https:\/\/kingarms.ee\/fi\/product\/puku-remington-stalker-renewed-figure\/","title":{"rendered":"Puku Remington Stalker Renewed Figure"},"content":{"rendered":"","protected":false},"excerpt":{"rendered":"<p><strong data-start=\"1378\" data-end=\"1414\">Remington Stalker Renewed Figure <\/strong>on p\u00e4ivitetty versio suositusta Stalker-mallistosta. Kevyt, hengitt\u00e4v\u00e4 ja vedenpit\u00e4v\u00e4 materiaali suojaa tuulelta ja sateelta, s\u00e4ilytt\u00e4en samalla mukavuuden ja liikkumisvapauden. Figure-camokuvio tarjoaa luonnollisen naamioinnin mets\u00e4ss\u00e4 ja vuoristoalueilla.<br data-start=\"1708\" data-end=\"1711\" \/>Vahvistetut saumat, s\u00e4\u00e4dett\u00e4v\u00e4t hihansuut ja useat k\u00e4yt\u00e4nn\u00f6lliset taskut lis\u00e4\u00e4v\u00e4t k\u00e4ytt\u00f6mukavuutta ja kest\u00e4vyytt\u00e4. Remington Stalker Renewed Figure yhdist\u00e4\u00e4 teknisen suorituskyvyn, modernin muotoilun ja toiminnallisuuden \u2014 t\u00e4ydellinen valinta aktiiviseen v\u00e4likausik\u00e4ytt\u00f6\u00f6n.<\/p>\n","protected":false},"featured_media":156900,"template":"","meta":{"_acf_changed":false},"product_brand":[],"product_cat":[879],"product_tag":[],"class_list":{"0":"post-156937","1":"product","2":"type-product","3":"status-publish","4":"has-post-thumbnail","6":"product_cat-sarjat","8":"first","9":"instock","10":"taxable","11":"shipping-taxable","12":"purchasable","13":"product-type-variable"},"acf":[],"_links":{"self":[{"href":"https:\/\/kingarms.ee\/fi\/wp-json\/wp\/v2\/product\/156937","targetHints":{"allow":["GET"]}}],"collection":[{"href":"https:\/\/kingarms.ee\/fi\/wp-json\/wp\/v2\/product"}],"about":[{"href":"https:\/\/kingarms.ee\/fi\/wp-json\/wp\/v2\/types\/product"}],"wp:featuredmedia":[{"embeddable":true,"href":"https:\/\/kingarms.ee\/fi\/wp-json\/wp\/v2\/media\/156900"}],"wp:attachment":[{"href":"https:\/\/kingarms.ee\/fi\/wp-json\/wp\/v2\/media?parent=156937"}],"wp:term":[{"taxonomy":"product_brand","embeddable":true,"href":"https:\/\/kingarms.ee\/fi\/wp-json\/wp\/v2\/product_brand?post=156937"},{"taxonomy":"product_cat","embeddable":true,"href":"https:\/\/kingarms.ee\/fi\/wp-json\/wp\/v2\/product_cat?post=156937"},{"taxonomy":"product_tag","embeddable":true,"href":"https:\/\/kingarms.ee\/fi\/wp-json\/wp\/v2\/product_tag?post=156937"}],"curies":[{"name":"wp","href":"https:\/\/api.w.org\/{rel}","templated":true}]}}