{"id":157009,"date":"2025-11-13T15:42:38","date_gmt":"2025-11-13T12:42:38","guid":{"rendered":"https:\/\/kingarms.ee\/product\/puku-remington-stalker-renewed-yellow-waterfowl-honeycombs\/"},"modified":"2025-11-13T15:51:06","modified_gmt":"2025-11-13T12:51:06","slug":"puku-remington-stalker-renewed-yellow-waterfowl-honeycombs","status":"publish","type":"product","link":"https:\/\/kingarms.ee\/fi\/product\/puku-remington-stalker-renewed-yellow-waterfowl-honeycombs\/","title":{"rendered":"Puku Remington Stalker Renewed Yellow Waterfowl Honeycombs"},"content":{"rendered":"","protected":false},"excerpt":{"rendered":"<p><strong data-start=\"1586\" data-end=\"1643\">Remington Stalker Renewed Yellow Waterfowl Honeycombs <\/strong>on p\u00e4ivitetty ja parannettu puku vesilintumets\u00e4stykseen ja kosteisiin olosuhteisiin. Kevyt, hengitt\u00e4v\u00e4 ja t\u00e4ysin vedenpit\u00e4v\u00e4 materiaali suojaa sateelta ja tuulelta s\u00e4ilytt\u00e4en liikkumisvapauden. Honeycombs-kuvio tarjoaa tehokkaan naamioinnin soilla ja ranta-alueilla.<br data-start=\"1956\" data-end=\"1959\" \/>Vahvistetut saumat, s\u00e4\u00e4dett\u00e4v\u00e4t hihansuut ja k\u00e4yt\u00e4nn\u00f6lliset taskut lis\u00e4\u00e4v\u00e4t kest\u00e4vyytt\u00e4 ja toimivuutta. Remington Stalker Renewed Yellow Waterfowl Honeycombs yhdist\u00e4\u00e4 teknisen suorituskyvyn, mukavuuden ja nykyaikaisen suunnittelun \u2014 t\u00e4ydellinen valinta vesilintumets\u00e4st\u00e4jille.<\/p>\n","protected":false},"featured_media":156972,"template":"","meta":{"_acf_changed":false},"product_brand":[],"product_cat":[879],"product_tag":[],"class_list":{"0":"post-157009","1":"product","2":"type-product","3":"status-publish","4":"has-post-thumbnail","6":"product_cat-sarjat","8":"first","9":"instock","10":"taxable","11":"shipping-taxable","12":"purchasable","13":"product-type-variable"},"acf":[],"_links":{"self":[{"href":"https:\/\/kingarms.ee\/fi\/wp-json\/wp\/v2\/product\/157009","targetHints":{"allow":["GET"]}}],"collection":[{"href":"https:\/\/kingarms.ee\/fi\/wp-json\/wp\/v2\/product"}],"about":[{"href":"https:\/\/kingarms.ee\/fi\/wp-json\/wp\/v2\/types\/product"}],"wp:featuredmedia":[{"embeddable":true,"href":"https:\/\/kingarms.ee\/fi\/wp-json\/wp\/v2\/media\/156972"}],"wp:attachment":[{"href":"https:\/\/kingarms.ee\/fi\/wp-json\/wp\/v2\/media?parent=157009"}],"wp:term":[{"taxonomy":"product_brand","embeddable":true,"href":"https:\/\/kingarms.ee\/fi\/wp-json\/wp\/v2\/product_brand?post=157009"},{"taxonomy":"product_cat","embeddable":true,"href":"https:\/\/kingarms.ee\/fi\/wp-json\/wp\/v2\/product_cat?post=157009"},{"taxonomy":"product_tag","embeddable":true,"href":"https:\/\/kingarms.ee\/fi\/wp-json\/wp\/v2\/product_tag?post=157009"}],"curies":[{"name":"wp","href":"https:\/\/api.w.org\/{rel}","templated":true}]}}