{"id":157263,"date":"2025-11-14T00:11:26","date_gmt":"2025-11-13T21:11:26","guid":{"rendered":"https:\/\/kingarms.ee\/product\/valikausipuku-remington-tiger-black\/"},"modified":"2025-11-14T00:20:32","modified_gmt":"2025-11-13T21:20:32","slug":"valikausipuku-remington-tiger-black","status":"publish","type":"product","link":"https:\/\/kingarms.ee\/fi\/product\/valikausipuku-remington-tiger-black\/","title":{"rendered":"V\u00e4likausipuku Remington Tiger Black"},"content":{"rendered":"","protected":false},"excerpt":{"rendered":"<p><strong data-start=\"1409\" data-end=\"1434\">Remington Tiger Black <\/strong>on tyylik\u00e4s ja monipuolinen v\u00e4likausipuku, joka tarjoaa suojaa ja mukavuutta kaikissa olosuhteissa. Kevyt, hengitt\u00e4v\u00e4 ja vedenpit\u00e4v\u00e4 materiaali suojaa sateelta ja tuulelta, s\u00e4ilytt\u00e4en liikkumisvapauden. Musta, mattapintainen muotoilu luo modernin ja ammattimaisen ilmeen.<br data-start=\"1707\" data-end=\"1710\" \/>S\u00e4\u00e4dett\u00e4v\u00e4t hihansuut ja lahkeensuut, vahvistetut saumat ja k\u00e4yt\u00e4nn\u00f6lliset taskut lis\u00e4\u00e4v\u00e4t kest\u00e4vyytt\u00e4 ja toimivuutta. Remington Tiger Black yhdist\u00e4\u00e4 teknisen suorituskyvyn ja hienostuneen tyylin \u2013 erinomainen valinta aktiiviseen k\u00e4ytt\u00f6\u00f6n kev\u00e4\u00e4ll\u00e4 ja syksyll\u00e4.<\/p>\n","protected":false},"featured_media":157213,"template":"","meta":{"_acf_changed":false},"product_brand":[],"product_cat":[879],"product_tag":[],"class_list":{"0":"post-157263","1":"product","2":"type-product","3":"status-publish","4":"has-post-thumbnail","6":"product_cat-sarjat","8":"first","9":"instock","10":"taxable","11":"shipping-taxable","12":"purchasable","13":"product-type-variable"},"acf":[],"_links":{"self":[{"href":"https:\/\/kingarms.ee\/fi\/wp-json\/wp\/v2\/product\/157263","targetHints":{"allow":["GET"]}}],"collection":[{"href":"https:\/\/kingarms.ee\/fi\/wp-json\/wp\/v2\/product"}],"about":[{"href":"https:\/\/kingarms.ee\/fi\/wp-json\/wp\/v2\/types\/product"}],"wp:featuredmedia":[{"embeddable":true,"href":"https:\/\/kingarms.ee\/fi\/wp-json\/wp\/v2\/media\/157213"}],"wp:attachment":[{"href":"https:\/\/kingarms.ee\/fi\/wp-json\/wp\/v2\/media?parent=157263"}],"wp:term":[{"taxonomy":"product_brand","embeddable":true,"href":"https:\/\/kingarms.ee\/fi\/wp-json\/wp\/v2\/product_brand?post=157263"},{"taxonomy":"product_cat","embeddable":true,"href":"https:\/\/kingarms.ee\/fi\/wp-json\/wp\/v2\/product_cat?post=157263"},{"taxonomy":"product_tag","embeddable":true,"href":"https:\/\/kingarms.ee\/fi\/wp-json\/wp\/v2\/product_tag?post=157263"}],"curies":[{"name":"wp","href":"https:\/\/api.w.org\/{rel}","templated":true}]}}