{"id":157655,"date":"2025-11-14T17:04:06","date_gmt":"2025-11-14T14:04:06","guid":{"rendered":"https:\/\/kingarms.ee\/product\/valikausipuku-remington-stormfront-figure\/"},"modified":"2025-11-14T17:11:38","modified_gmt":"2025-11-14T14:11:38","slug":"valikausipuku-remington-stormfront-figure","status":"publish","type":"product","link":"https:\/\/kingarms.ee\/fi\/product\/valikausipuku-remington-stormfront-figure\/","title":{"rendered":"V\u00e4likausipuku Remington Stormfront Figure"},"content":{"rendered":"","protected":false},"excerpt":{"rendered":"<p><strong data-start=\"1466\" data-end=\"1497\">Remington Stormfront Figure <\/strong>on v\u00e4likausipuku, joka tarjoaa suojaa ja mukavuutta kaikissa s\u00e4\u00e4olosuhteissa. Kevyt, vedenpit\u00e4v\u00e4 ja hengitt\u00e4v\u00e4 materiaali suojaa tuulelta ja sateelta, s\u00e4ilytt\u00e4en samalla liikkumisvapauden. Figure-camokuvio sulautuu t\u00e4ydellisesti mets\u00e4iseen ymp\u00e4rist\u00f6\u00f6n, tarjoten tehokkaan naamioinnin.<br data-start=\"1798\" data-end=\"1801\" \/>Vahvistetut saumat, s\u00e4\u00e4dett\u00e4v\u00e4t hihansuut ja k\u00e4yt\u00e4nn\u00f6lliset taskut lis\u00e4\u00e4v\u00e4t kest\u00e4vyytt\u00e4 ja toimivuutta. Remington Stormfront Figure yhdist\u00e4\u00e4 teknisen suorituskyvyn, modernin tyylin ja mukavuuden \u2013 t\u00e4ydellinen valinta aktiiviselle ulkoilijalle.<\/p>\n","protected":false},"featured_media":157617,"template":"","meta":{"_acf_changed":false},"product_brand":[],"product_cat":[879],"product_tag":[],"class_list":{"0":"post-157655","1":"product","2":"type-product","3":"status-publish","4":"has-post-thumbnail","6":"product_cat-sarjat","8":"first","9":"instock","10":"taxable","11":"shipping-taxable","12":"purchasable","13":"product-type-variable"},"acf":[],"_links":{"self":[{"href":"https:\/\/kingarms.ee\/fi\/wp-json\/wp\/v2\/product\/157655","targetHints":{"allow":["GET"]}}],"collection":[{"href":"https:\/\/kingarms.ee\/fi\/wp-json\/wp\/v2\/product"}],"about":[{"href":"https:\/\/kingarms.ee\/fi\/wp-json\/wp\/v2\/types\/product"}],"wp:featuredmedia":[{"embeddable":true,"href":"https:\/\/kingarms.ee\/fi\/wp-json\/wp\/v2\/media\/157617"}],"wp:attachment":[{"href":"https:\/\/kingarms.ee\/fi\/wp-json\/wp\/v2\/media?parent=157655"}],"wp:term":[{"taxonomy":"product_brand","embeddable":true,"href":"https:\/\/kingarms.ee\/fi\/wp-json\/wp\/v2\/product_brand?post=157655"},{"taxonomy":"product_cat","embeddable":true,"href":"https:\/\/kingarms.ee\/fi\/wp-json\/wp\/v2\/product_cat?post=157655"},{"taxonomy":"product_tag","embeddable":true,"href":"https:\/\/kingarms.ee\/fi\/wp-json\/wp\/v2\/product_tag?post=157655"}],"curies":[{"name":"wp","href":"https:\/\/api.w.org\/{rel}","templated":true}]}}