{"id":157706,"date":"2025-11-14T17:23:45","date_gmt":"2025-11-14T14:23:45","guid":{"rendered":"https:\/\/kingarms.ee\/product\/fleece-asu-remington-porter-green\/"},"modified":"2025-11-14T17:32:29","modified_gmt":"2025-11-14T14:32:29","slug":"fleece-asu-remington-porter-green","status":"publish","type":"product","link":"https:\/\/kingarms.ee\/fi\/product\/fleece-asu-remington-porter-green\/","title":{"rendered":"Fleece-asu Remington Porter Green"},"content":{"rendered":"","protected":false},"excerpt":{"rendered":"<p><strong data-start=\"1395\" data-end=\"1428\">Remington Porter Green Fleece <\/strong>on l\u00e4mmin ja kevyt fleece-asu, joka sopii t\u00e4ydellisesti ulkoiluun ja vapaa-aikaan. Pehme\u00e4 ja hengitt\u00e4v\u00e4 materiaali s\u00e4ilytt\u00e4\u00e4 l\u00e4mm\u00f6n tehokkaasti ja siirt\u00e4\u00e4 kosteuden pois iholta. Vihre\u00e4 v\u00e4ri sulautuu luonnon ymp\u00e4rist\u00f6\u00f6n, mik\u00e4 tekee siit\u00e4 erinomaisen valinnan mets\u00e4stykseen, kalastukseen tai retkeilyyn.<br data-start=\"1767\" data-end=\"1770\" \/>S\u00e4\u00e4dett\u00e4v\u00e4 vy\u00f6t\u00e4r\u00f6, joustavat hihansuut ja k\u00e4yt\u00e4nn\u00f6lliset taskut lis\u00e4\u00e4v\u00e4t k\u00e4ytt\u00f6mukavuutta. Remington Porter Green Fleece yhdist\u00e4\u00e4 l\u00e4mm\u00f6n, keveyden ja kest\u00e4vyyden \u2013 ihanteellinen asu viileisiin p\u00e4iviin tai v\u00e4likerrokseksi.<\/p>\n","protected":false},"featured_media":157683,"template":"","meta":{"_acf_changed":false},"product_brand":[],"product_cat":[879],"product_tag":[],"class_list":{"0":"post-157706","1":"product","2":"type-product","3":"status-publish","4":"has-post-thumbnail","6":"product_cat-sarjat","8":"first","9":"instock","10":"taxable","11":"shipping-taxable","12":"purchasable","13":"product-type-variable"},"acf":[],"_links":{"self":[{"href":"https:\/\/kingarms.ee\/fi\/wp-json\/wp\/v2\/product\/157706","targetHints":{"allow":["GET"]}}],"collection":[{"href":"https:\/\/kingarms.ee\/fi\/wp-json\/wp\/v2\/product"}],"about":[{"href":"https:\/\/kingarms.ee\/fi\/wp-json\/wp\/v2\/types\/product"}],"wp:featuredmedia":[{"embeddable":true,"href":"https:\/\/kingarms.ee\/fi\/wp-json\/wp\/v2\/media\/157683"}],"wp:attachment":[{"href":"https:\/\/kingarms.ee\/fi\/wp-json\/wp\/v2\/media?parent=157706"}],"wp:term":[{"taxonomy":"product_brand","embeddable":true,"href":"https:\/\/kingarms.ee\/fi\/wp-json\/wp\/v2\/product_brand?post=157706"},{"taxonomy":"product_cat","embeddable":true,"href":"https:\/\/kingarms.ee\/fi\/wp-json\/wp\/v2\/product_cat?post=157706"},{"taxonomy":"product_tag","embeddable":true,"href":"https:\/\/kingarms.ee\/fi\/wp-json\/wp\/v2\/product_tag?post=157706"}],"curies":[{"name":"wp","href":"https:\/\/api.w.org\/{rel}","templated":true}]}}