{"id":157746,"date":"2025-11-14T17:44:53","date_gmt":"2025-11-14T14:44:53","guid":{"rendered":"https:\/\/kingarms.ee\/product\/valikausipuku-remington-night-coyote-multicamo\/"},"modified":"2025-11-14T17:52:22","modified_gmt":"2025-11-14T14:52:22","slug":"valikausipuku-remington-night-coyote-multicamo","status":"publish","type":"product","link":"https:\/\/kingarms.ee\/fi\/product\/valikausipuku-remington-night-coyote-multicamo\/","title":{"rendered":"V\u00e4likausipuku Remington Night Coyote Multicamo"},"content":{"rendered":"","protected":false},"excerpt":{"rendered":"<p data-start=\"1529\" data-end=\"2205\"><strong data-start=\"1529\" data-end=\"1565\">Remington Night Coyote Multicamo <\/strong>on monipuolinen v\u00e4likausipuku, joka tarjoaa suojaa ja mukavuutta kaikissa s\u00e4\u00e4olosuhteissa. Kevyt, hengitt\u00e4v\u00e4 ja vedenpit\u00e4v\u00e4 materiaali suojaa tuulelta ja sateelta, s\u00e4ilytt\u00e4en liikkumisvapauden. Night Coyote Multicamo -kuvio on suunniteltu h\u00e4m\u00e4r\u00e4ss\u00e4 ja pime\u00e4ss\u00e4 ymp\u00e4rist\u00f6ss\u00e4 tapahtuvaan k\u00e4ytt\u00f6\u00f6n, tarjoten erinomaisen naamioinnin.<br data-start=\"1922\" data-end=\"1925\" \/>Vahvistetut saumat, s\u00e4\u00e4dett\u00e4v\u00e4t hihansuut ja k\u00e4yt\u00e4nn\u00f6lliset taskut tekev\u00e4t t\u00e4st\u00e4 puvusta kest\u00e4v\u00e4n ja toimivan. Remington Night Coyote Multicamo yhdist\u00e4\u00e4 teknisen suorituskyvyn, modernin muotoilun ja kest\u00e4vyyden \u2013 t\u00e4ydellinen valinta mets\u00e4st\u00e4jille ja ulkoilijoille.<\/p>\n","protected":false},"featured_media":157727,"template":"","meta":{"_acf_changed":false},"product_brand":[],"product_cat":[879],"product_tag":[],"class_list":{"0":"post-157746","1":"product","2":"type-product","3":"status-publish","4":"has-post-thumbnail","6":"product_cat-sarjat","8":"first","9":"instock","10":"taxable","11":"shipping-taxable","12":"purchasable","13":"product-type-variable"},"acf":[],"_links":{"self":[{"href":"https:\/\/kingarms.ee\/fi\/wp-json\/wp\/v2\/product\/157746","targetHints":{"allow":["GET"]}}],"collection":[{"href":"https:\/\/kingarms.ee\/fi\/wp-json\/wp\/v2\/product"}],"about":[{"href":"https:\/\/kingarms.ee\/fi\/wp-json\/wp\/v2\/types\/product"}],"wp:featuredmedia":[{"embeddable":true,"href":"https:\/\/kingarms.ee\/fi\/wp-json\/wp\/v2\/media\/157727"}],"wp:attachment":[{"href":"https:\/\/kingarms.ee\/fi\/wp-json\/wp\/v2\/media?parent=157746"}],"wp:term":[{"taxonomy":"product_brand","embeddable":true,"href":"https:\/\/kingarms.ee\/fi\/wp-json\/wp\/v2\/product_brand?post=157746"},{"taxonomy":"product_cat","embeddable":true,"href":"https:\/\/kingarms.ee\/fi\/wp-json\/wp\/v2\/product_cat?post=157746"},{"taxonomy":"product_tag","embeddable":true,"href":"https:\/\/kingarms.ee\/fi\/wp-json\/wp\/v2\/product_tag?post=157746"}],"curies":[{"name":"wp","href":"https:\/\/api.w.org\/{rel}","templated":true}]}}