{"id":157897,"date":"2025-11-15T11:32:03","date_gmt":"2025-11-15T08:32:03","guid":{"rendered":"https:\/\/kingarms.ee\/product\/takki-remington-urban-dayh\/"},"modified":"2025-11-15T11:39:11","modified_gmt":"2025-11-15T08:39:11","slug":"takki-remington-urban-dayh","status":"publish","type":"product","link":"https:\/\/kingarms.ee\/fi\/product\/takki-remington-urban-dayh\/","title":{"rendered":"Takki Remington Urban Dayh"},"content":{"rendered":"","protected":false},"excerpt":{"rendered":"<p><strong data-start=\"1344\" data-end=\"1368\">Remington Urban Dayh <\/strong>on kevyt ja mukava takki, joka on suunniteltu aktiiviseen arkeen ja vapaa-aikaan. Hengitt\u00e4v\u00e4 ja tuulenpit\u00e4v\u00e4 materiaali suojaa viile\u00e4lt\u00e4 s\u00e4\u00e4lt\u00e4 ja s\u00e4ilytt\u00e4\u00e4 k\u00e4ytt\u00f6mukavuuden koko p\u00e4iv\u00e4n. Hillitty ja moderni muotoilu sopii erinomaisesti kaupunkiymp\u00e4rist\u00f6\u00f6n ja matkustamiseen.<br data-start=\"1637\" data-end=\"1640\" \/>S\u00e4\u00e4dett\u00e4v\u00e4 huppu, vetoketjulliset taskut ja pehme\u00e4 sis\u00e4vuori tekev\u00e4t t\u00e4st\u00e4 takista k\u00e4yt\u00e4nn\u00f6llisen ja tyylikk\u00e4\u00e4n. Remington Urban Dayh yhdist\u00e4\u00e4 mukavuuden, laadun ja ajattoman tyylin \u2014 t\u00e4ydellinen valinta arkeen ja liikkumiseen.<\/p>\n","protected":false},"featured_media":157874,"template":"","meta":{"_acf_changed":false},"product_brand":[],"product_cat":[642],"product_tag":[],"class_list":{"0":"post-157897","1":"product","2":"type-product","3":"status-publish","4":"has-post-thumbnail","6":"product_cat-joped-fi","8":"first","9":"instock","10":"taxable","11":"shipping-taxable","12":"purchasable","13":"product-type-variable"},"acf":[],"_links":{"self":[{"href":"https:\/\/kingarms.ee\/fi\/wp-json\/wp\/v2\/product\/157897","targetHints":{"allow":["GET"]}}],"collection":[{"href":"https:\/\/kingarms.ee\/fi\/wp-json\/wp\/v2\/product"}],"about":[{"href":"https:\/\/kingarms.ee\/fi\/wp-json\/wp\/v2\/types\/product"}],"wp:featuredmedia":[{"embeddable":true,"href":"https:\/\/kingarms.ee\/fi\/wp-json\/wp\/v2\/media\/157874"}],"wp:attachment":[{"href":"https:\/\/kingarms.ee\/fi\/wp-json\/wp\/v2\/media?parent=157897"}],"wp:term":[{"taxonomy":"product_brand","embeddable":true,"href":"https:\/\/kingarms.ee\/fi\/wp-json\/wp\/v2\/product_brand?post=157897"},{"taxonomy":"product_cat","embeddable":true,"href":"https:\/\/kingarms.ee\/fi\/wp-json\/wp\/v2\/product_cat?post=157897"},{"taxonomy":"product_tag","embeddable":true,"href":"https:\/\/kingarms.ee\/fi\/wp-json\/wp\/v2\/product_tag?post=157897"}],"curies":[{"name":"wp","href":"https:\/\/api.w.org\/{rel}","templated":true}]}}