{"id":157936,"date":"2025-11-15T11:51:01","date_gmt":"2025-11-15T08:51:01","guid":{"rendered":"https:\/\/kingarms.ee\/product\/takki-remington-horizon-grey\/"},"modified":"2025-11-15T11:59:35","modified_gmt":"2025-11-15T08:59:35","slug":"takki-remington-horizon-grey","status":"publish","type":"product","link":"https:\/\/kingarms.ee\/fi\/product\/takki-remington-horizon-grey\/","title":{"rendered":"Takki Remington Horizon Grey"},"content":{"rendered":"","protected":false},"excerpt":{"rendered":"<p><strong data-start=\"1312\" data-end=\"1338\">Remington Horizon Grey <\/strong>on kevyt ja monik\u00e4ytt\u00f6inen takki, joka yhdist\u00e4\u00e4 suojaavuuden ja modernin tyylin. Kest\u00e4v\u00e4, hengitt\u00e4v\u00e4 ja tuulenpit\u00e4v\u00e4 materiaali pit\u00e4\u00e4 l\u00e4mpim\u00e4n\u00e4 ja mukavana liikkeess\u00e4. Harmaa v\u00e4ri ja selke\u00e4 muotoilu sopivat erinomaisesti niin kaupunkiin kuin luontoon.<br data-start=\"1623\" data-end=\"1626\" \/>S\u00e4\u00e4dett\u00e4v\u00e4 huppu, vetoketjulliset taskut ja joustavat hihansuut lis\u00e4\u00e4v\u00e4t k\u00e4ytt\u00f6mukavuutta. Remington Horizon Grey tarjoaa k\u00e4yt\u00e4nn\u00f6llisyytt\u00e4, laatua ja tyylikkyytt\u00e4 yhdess\u00e4 \u2013 t\u00e4ydellinen valinta aktiiviseen el\u00e4m\u00e4\u00e4n.<\/p>\n","protected":false},"featured_media":157915,"template":"","meta":{"_acf_changed":false},"product_brand":[],"product_cat":[642],"product_tag":[],"class_list":{"0":"post-157936","1":"product","2":"type-product","3":"status-publish","4":"has-post-thumbnail","6":"product_cat-joped-fi","8":"first","9":"instock","10":"taxable","11":"shipping-taxable","12":"purchasable","13":"product-type-variable"},"acf":[],"_links":{"self":[{"href":"https:\/\/kingarms.ee\/fi\/wp-json\/wp\/v2\/product\/157936","targetHints":{"allow":["GET"]}}],"collection":[{"href":"https:\/\/kingarms.ee\/fi\/wp-json\/wp\/v2\/product"}],"about":[{"href":"https:\/\/kingarms.ee\/fi\/wp-json\/wp\/v2\/types\/product"}],"wp:featuredmedia":[{"embeddable":true,"href":"https:\/\/kingarms.ee\/fi\/wp-json\/wp\/v2\/media\/157915"}],"wp:attachment":[{"href":"https:\/\/kingarms.ee\/fi\/wp-json\/wp\/v2\/media?parent=157936"}],"wp:term":[{"taxonomy":"product_brand","embeddable":true,"href":"https:\/\/kingarms.ee\/fi\/wp-json\/wp\/v2\/product_brand?post=157936"},{"taxonomy":"product_cat","embeddable":true,"href":"https:\/\/kingarms.ee\/fi\/wp-json\/wp\/v2\/product_cat?post=157936"},{"taxonomy":"product_tag","embeddable":true,"href":"https:\/\/kingarms.ee\/fi\/wp-json\/wp\/v2\/product_tag?post=157936"}],"curies":[{"name":"wp","href":"https:\/\/api.w.org\/{rel}","templated":true}]}}