{"id":157978,"date":"2025-11-15T12:09:57","date_gmt":"2025-11-15T09:09:57","guid":{"rendered":"https:\/\/kingarms.ee\/product\/takki-remington\/"},"modified":"2025-11-15T12:16:16","modified_gmt":"2025-11-15T09:16:16","slug":"takki-remington","status":"publish","type":"product","link":"https:\/\/kingarms.ee\/fi\/product\/takki-remington\/","title":{"rendered":"Takki Remington"},"content":{"rendered":"","protected":false},"excerpt":{"rendered":"<p><strong data-start=\"1169\" data-end=\"1189\">Remington takki <\/strong>on suunniteltu yhdist\u00e4m\u00e4\u00e4n mukavuus, suoja ja tyyli. Kevyt, hengitt\u00e4v\u00e4 ja tuulenpit\u00e4v\u00e4 materiaali pit\u00e4\u00e4 olon miellytt\u00e4v\u00e4n\u00e4 kaikissa olosuhteissa. Takki sopii t\u00e4ydellisesti sek\u00e4 kaupunkik\u00e4ytt\u00f6\u00f6n ett\u00e4 ulkoiluun luonnossa.<br data-start=\"1455\" data-end=\"1458\" \/>S\u00e4\u00e4dett\u00e4v\u00e4 huppu, k\u00e4yt\u00e4nn\u00f6lliset taskut ja vahvistetut saumat lis\u00e4\u00e4v\u00e4t kest\u00e4vyytt\u00e4. Remington takki tarjoaa t\u00e4ydellisen yhdistelm\u00e4n laatua, toimivuutta ja modernia muotoilua.<\/p>\n","protected":false},"featured_media":157958,"template":"","meta":{"_acf_changed":false},"product_brand":[],"product_cat":[642],"product_tag":[],"class_list":{"0":"post-157978","1":"product","2":"type-product","3":"status-publish","4":"has-post-thumbnail","6":"product_cat-joped-fi","8":"first","9":"instock","10":"taxable","11":"shipping-taxable","12":"purchasable","13":"product-type-variable"},"acf":[],"_links":{"self":[{"href":"https:\/\/kingarms.ee\/fi\/wp-json\/wp\/v2\/product\/157978","targetHints":{"allow":["GET"]}}],"collection":[{"href":"https:\/\/kingarms.ee\/fi\/wp-json\/wp\/v2\/product"}],"about":[{"href":"https:\/\/kingarms.ee\/fi\/wp-json\/wp\/v2\/types\/product"}],"wp:featuredmedia":[{"embeddable":true,"href":"https:\/\/kingarms.ee\/fi\/wp-json\/wp\/v2\/media\/157958"}],"wp:attachment":[{"href":"https:\/\/kingarms.ee\/fi\/wp-json\/wp\/v2\/media?parent=157978"}],"wp:term":[{"taxonomy":"product_brand","embeddable":true,"href":"https:\/\/kingarms.ee\/fi\/wp-json\/wp\/v2\/product_brand?post=157978"},{"taxonomy":"product_cat","embeddable":true,"href":"https:\/\/kingarms.ee\/fi\/wp-json\/wp\/v2\/product_cat?post=157978"},{"taxonomy":"product_tag","embeddable":true,"href":"https:\/\/kingarms.ee\/fi\/wp-json\/wp\/v2\/product_tag?post=157978"}],"curies":[{"name":"wp","href":"https:\/\/api.w.org\/{rel}","templated":true}]}}