{"id":158058,"date":"2025-11-19T01:03:48","date_gmt":"2025-11-18T22:03:48","guid":{"rendered":"https:\/\/kingarms.ee\/product\/pcp-kasipumppu-gx-h-4-borner\/"},"modified":"2025-11-19T01:12:45","modified_gmt":"2025-11-18T22:12:45","slug":"pcp-kasipumppu-gx-h-4-borner","status":"publish","type":"product","link":"https:\/\/kingarms.ee\/fi\/product\/pcp-kasipumppu-gx-h-4-borner\/","title":{"rendered":"PCP k\u00e4sipumppu GX-H-4 (Borner)"},"content":{"rendered":"","protected":false},"excerpt":{"rendered":"<p>PCP Hand Pump GX-H-4 (Borner) on korkeapaineinen k\u00e4sipumppu PCP-ilmakiv\u00e4\u00e4rin s\u00e4ili\u00f6n t\u00e4ytt\u00e4miseen paineilmalla. Pumpussa on helposti luettava painemittari, hiukkassuodatin ja tukeva taitettava jalusta. Sen suurimmat edut ovat PCP-aseen k\u00e4ytt\u00f6kustannusten pieneneminen, hyv\u00e4 liikuteltavuus ja riippumattomuus t\u00e4ytt\u00f6asemista. Kahvaan integroitu kosteudenpoistin poistaa kosteuden ilmasta ennen kuin se menee s\u00e4ili\u00f6\u00f6n ja suojaa n\u00e4in sis\u00e4osia korroosiolta.<br \/>\nSuurin k\u00e4ytt\u00f6paine: 310 BAR \/ 4500 psi<br \/>\nTaitettava pohjalevy kuivaimella<br \/>\nPumppua voidaan k\u00e4ytt\u00e4\u00e4 yht\u00e4jaksoisesti yli 2 tuntia 200 BAR paineella<br \/>\nL\u00e4ht\u00f6kierre: M10x1<br \/>\nPikaliitin: 8 mm <\/p>\n","protected":false},"featured_media":158052,"template":"","meta":{"_acf_changed":false},"product_brand":[],"product_cat":[256],"product_tag":[],"class_list":{"0":"post-158058","1":"product","2":"type-product","3":"status-publish","4":"has-post-thumbnail","6":"product_cat-hpa-fi","8":"first","9":"instock","10":"taxable","11":"shipping-taxable","12":"purchasable","13":"product-type-simple"},"acf":[],"_links":{"self":[{"href":"https:\/\/kingarms.ee\/fi\/wp-json\/wp\/v2\/product\/158058","targetHints":{"allow":["GET"]}}],"collection":[{"href":"https:\/\/kingarms.ee\/fi\/wp-json\/wp\/v2\/product"}],"about":[{"href":"https:\/\/kingarms.ee\/fi\/wp-json\/wp\/v2\/types\/product"}],"wp:featuredmedia":[{"embeddable":true,"href":"https:\/\/kingarms.ee\/fi\/wp-json\/wp\/v2\/media\/158052"}],"wp:attachment":[{"href":"https:\/\/kingarms.ee\/fi\/wp-json\/wp\/v2\/media?parent=158058"}],"wp:term":[{"taxonomy":"product_brand","embeddable":true,"href":"https:\/\/kingarms.ee\/fi\/wp-json\/wp\/v2\/product_brand?post=158058"},{"taxonomy":"product_cat","embeddable":true,"href":"https:\/\/kingarms.ee\/fi\/wp-json\/wp\/v2\/product_cat?post=158058"},{"taxonomy":"product_tag","embeddable":true,"href":"https:\/\/kingarms.ee\/fi\/wp-json\/wp\/v2\/product_tag?post=158058"}],"curies":[{"name":"wp","href":"https:\/\/api.w.org\/{rel}","templated":true}]}}