{"id":158281,"date":"2025-12-08T12:08:22","date_gmt":"2025-12-08T09:08:22","guid":{"rendered":"https:\/\/kingarms.ee\/product\/remington-swat-musta-takki\/"},"modified":"2025-12-08T12:10:16","modified_gmt":"2025-12-08T09:10:16","slug":"remington-swat-musta-takki","status":"publish","type":"product","link":"https:\/\/kingarms.ee\/fi\/product\/remington-swat-musta-takki\/","title":{"rendered":"Remington Swat musta takki"},"content":{"rendered":"","protected":false},"excerpt":{"rendered":"<p>Remington Swat musta takki on monik\u00e4ytt\u00f6inen taktinen vaate, joka on suunniteltu aktiiviseen k\u00e4ytt\u00f6\u00f6n kaupungissa, ampumaradalla ja vaihtelevissa s\u00e4\u00e4olosuhteissa. Kest\u00e4v\u00e4 ja kulutusta siet\u00e4v\u00e4 materiaali suojaa tuulelta ja kevyelt\u00e4 sateelta, samalla s\u00e4ilytt\u00e4en k\u00e4ytt\u00f6mukavuuden ja liikkumisvapauden. Huolellisesti suunnitellut taskut tarjoavat tilaa t\u00e4rkeille tavaroille, ja ergonominen leikkaus takaa erinomaisen istuvuuden. Takki sopii mets\u00e4stykseen, kalastukseen, ulkotreeneihin sek\u00e4 p\u00e4ivitt\u00e4iseen k\u00e4ytt\u00f6\u00f6n. T\u00e4ysin musta, tyylik\u00e4s design tekee siit\u00e4 k\u00e4yt\u00e4nn\u00f6llisen ja helposti yhdistelt\u00e4v\u00e4n muun varustuksen kanssa.    <\/p>\n","protected":false},"featured_media":158254,"template":"","meta":{"_acf_changed":false},"product_brand":[],"product_cat":[642],"product_tag":[],"class_list":{"0":"post-158281","1":"product","2":"type-product","3":"status-publish","4":"has-post-thumbnail","6":"product_cat-joped-fi","8":"first","9":"instock","10":"taxable","11":"shipping-taxable","12":"purchasable","13":"product-type-variable"},"acf":[],"_links":{"self":[{"href":"https:\/\/kingarms.ee\/fi\/wp-json\/wp\/v2\/product\/158281","targetHints":{"allow":["GET"]}}],"collection":[{"href":"https:\/\/kingarms.ee\/fi\/wp-json\/wp\/v2\/product"}],"about":[{"href":"https:\/\/kingarms.ee\/fi\/wp-json\/wp\/v2\/types\/product"}],"wp:featuredmedia":[{"embeddable":true,"href":"https:\/\/kingarms.ee\/fi\/wp-json\/wp\/v2\/media\/158254"}],"wp:attachment":[{"href":"https:\/\/kingarms.ee\/fi\/wp-json\/wp\/v2\/media?parent=158281"}],"wp:term":[{"taxonomy":"product_brand","embeddable":true,"href":"https:\/\/kingarms.ee\/fi\/wp-json\/wp\/v2\/product_brand?post=158281"},{"taxonomy":"product_cat","embeddable":true,"href":"https:\/\/kingarms.ee\/fi\/wp-json\/wp\/v2\/product_cat?post=158281"},{"taxonomy":"product_tag","embeddable":true,"href":"https:\/\/kingarms.ee\/fi\/wp-json\/wp\/v2\/product_tag?post=158281"}],"curies":[{"name":"wp","href":"https:\/\/api.w.org\/{rel}","templated":true}]}}