{"id":158517,"date":"2025-12-08T13:13:29","date_gmt":"2025-12-08T10:13:29","guid":{"rendered":"https:\/\/kingarms.ee\/product\/remington-raven-ii-figure-takki\/"},"modified":"2025-12-08T13:15:20","modified_gmt":"2025-12-08T10:15:20","slug":"remington-raven-ii-figure-takki","status":"publish","type":"product","link":"https:\/\/kingarms.ee\/fi\/product\/remington-raven-ii-figure-takki\/","title":{"rendered":"Remington Raven II Figure takki"},"content":{"rendered":"","protected":false},"excerpt":{"rendered":"<p>Remington Raven II Figure takki on moderni, toiminnallinen ja kest\u00e4v\u00e4 valinta aktiiviseen k\u00e4ytt\u00f6\u00f6n sek\u00e4 kaupungissa ett\u00e4 luonnossa. Uniikki Figure-kuvio antaa takille tyylikk\u00e4\u00e4n ja dynaamisen ilmeen, joka erottuu edukseen mutta sopii helposti erilaisten asujen kanssa. Kest\u00e4v\u00e4 kangas suojaa tuulelta ja kevyelt\u00e4 sateelta, tarjoten mukavuutta my\u00f6s pitkiss\u00e4 ulkoiluissa. L\u00e4mmin sis\u00e4vuori pit\u00e4\u00e4 kehon l\u00e4mpim\u00e4n\u00e4, ja ergonominen leikkaus mahdollistaa vapaan liikkumisen. Useat tilavat taskut tarjoavat k\u00e4tev\u00e4n s\u00e4ilytystilan t\u00e4rkeille tavaroille. T\u00e4m\u00e4 malli sopii erinomaisesti matkustamiseen, ulkoiluun, urheiluun ja arkik\u00e4ytt\u00f6\u00f6n, yhdist\u00e4en tyylin, toiminnallisuuden ja pitk\u00e4ik\u00e4isyyden.     <\/p>\n","protected":false},"featured_media":158479,"template":"","meta":{"_acf_changed":false},"product_brand":[],"product_cat":[642],"product_tag":[],"class_list":{"0":"post-158517","1":"product","2":"type-product","3":"status-publish","4":"has-post-thumbnail","6":"product_cat-joped-fi","8":"first","9":"instock","10":"taxable","11":"shipping-taxable","12":"purchasable","13":"product-type-variable"},"acf":[],"_links":{"self":[{"href":"https:\/\/kingarms.ee\/fi\/wp-json\/wp\/v2\/product\/158517","targetHints":{"allow":["GET"]}}],"collection":[{"href":"https:\/\/kingarms.ee\/fi\/wp-json\/wp\/v2\/product"}],"about":[{"href":"https:\/\/kingarms.ee\/fi\/wp-json\/wp\/v2\/types\/product"}],"wp:featuredmedia":[{"embeddable":true,"href":"https:\/\/kingarms.ee\/fi\/wp-json\/wp\/v2\/media\/158479"}],"wp:attachment":[{"href":"https:\/\/kingarms.ee\/fi\/wp-json\/wp\/v2\/media?parent=158517"}],"wp:term":[{"taxonomy":"product_brand","embeddable":true,"href":"https:\/\/kingarms.ee\/fi\/wp-json\/wp\/v2\/product_brand?post=158517"},{"taxonomy":"product_cat","embeddable":true,"href":"https:\/\/kingarms.ee\/fi\/wp-json\/wp\/v2\/product_cat?post=158517"},{"taxonomy":"product_tag","embeddable":true,"href":"https:\/\/kingarms.ee\/fi\/wp-json\/wp\/v2\/product_tag?post=158517"}],"curies":[{"name":"wp","href":"https:\/\/api.w.org\/{rel}","templated":true}]}}