{"id":158578,"date":"2025-12-08T13:27:45","date_gmt":"2025-12-08T10:27:45","guid":{"rendered":"https:\/\/kingarms.ee\/product\/remington-raven-ii-yellow-waterfowl-honeycombs-takki\/"},"modified":"2025-12-08T13:29:31","modified_gmt":"2025-12-08T10:29:31","slug":"remington-raven-ii-yellow-waterfowl-honeycombs-takki","status":"publish","type":"product","link":"https:\/\/kingarms.ee\/fi\/product\/remington-raven-ii-yellow-waterfowl-honeycombs-takki\/","title":{"rendered":"Remington Raven II Yellow Waterfowl Honeycombs takki"},"content":{"rendered":"","protected":false},"excerpt":{"rendered":"<p>Remington Raven II Yellow Waterfowl Honeycombs takki on n\u00e4ytt\u00e4v\u00e4 ja eritt\u00e4in toiminnallinen valinta mets\u00e4st\u00e4jille ja aktiivisille ulkoilijoille. Honeycombs-maastokuvio keltaisilla yksityiskohdilla sulautuu tehokkaasti ymp\u00e4rist\u00f6\u00f6n, mutta pysyy helposti k\u00e4ytt\u00e4j\u00e4n havaittavissa. Kest\u00e4v\u00e4 ja vett\u00e4 hylkiv\u00e4 materiaali suojaa tuulelta, sumulta ja kevyelt\u00e4 sateelta, tarjoten mukavuutta monenlaisissa olosuhteissa. L\u00e4mmin vuori pit\u00e4\u00e4 kehon l\u00e4mpim\u00e4n\u00e4, ja ergonominen leikkaus mahdollistaa vapaan liikkumisen k\u00e4velless\u00e4, ampuessa tai pitkill\u00e4 vaelluksilla. Useat k\u00e4yt\u00e4nn\u00f6lliset taskut tarjoavat turvallisen s\u00e4ilytyksen varusteille. Takki sopii t\u00e4ydellisesti vesilintujen mets\u00e4stykseen, kalastukseen, retkeilyyn ja aktiiviseen ulkoiluun.     <\/p>\n","protected":false},"featured_media":158539,"template":"","meta":{"_acf_changed":false},"product_brand":[],"product_cat":[642],"product_tag":[],"class_list":{"0":"post-158578","1":"product","2":"type-product","3":"status-publish","4":"has-post-thumbnail","6":"product_cat-joped-fi","8":"first","9":"instock","10":"taxable","11":"shipping-taxable","12":"purchasable","13":"product-type-variable"},"acf":[],"_links":{"self":[{"href":"https:\/\/kingarms.ee\/fi\/wp-json\/wp\/v2\/product\/158578","targetHints":{"allow":["GET"]}}],"collection":[{"href":"https:\/\/kingarms.ee\/fi\/wp-json\/wp\/v2\/product"}],"about":[{"href":"https:\/\/kingarms.ee\/fi\/wp-json\/wp\/v2\/types\/product"}],"wp:featuredmedia":[{"embeddable":true,"href":"https:\/\/kingarms.ee\/fi\/wp-json\/wp\/v2\/media\/158539"}],"wp:attachment":[{"href":"https:\/\/kingarms.ee\/fi\/wp-json\/wp\/v2\/media?parent=158578"}],"wp:term":[{"taxonomy":"product_brand","embeddable":true,"href":"https:\/\/kingarms.ee\/fi\/wp-json\/wp\/v2\/product_brand?post=158578"},{"taxonomy":"product_cat","embeddable":true,"href":"https:\/\/kingarms.ee\/fi\/wp-json\/wp\/v2\/product_cat?post=158578"},{"taxonomy":"product_tag","embeddable":true,"href":"https:\/\/kingarms.ee\/fi\/wp-json\/wp\/v2\/product_tag?post=158578"}],"curies":[{"name":"wp","href":"https:\/\/api.w.org\/{rel}","templated":true}]}}