{"id":158646,"date":"2025-12-08T13:42:26","date_gmt":"2025-12-08T10:42:26","guid":{"rendered":"https:\/\/kingarms.ee\/product\/remington-comfortable-fishing-dark-olive-liivi\/"},"modified":"2025-12-08T13:44:48","modified_gmt":"2025-12-08T10:44:48","slug":"remington-comfortable-fishing-dark-olive-liivi","status":"publish","type":"product","link":"https:\/\/kingarms.ee\/fi\/product\/remington-comfortable-fishing-dark-olive-liivi\/","title":{"rendered":"Remington Comfortable Fishing Dark Olive liivi"},"content":{"rendered":"","protected":false},"excerpt":{"rendered":"<p>Remington Comfortable Fishing Dark Olive liivi on k\u00e4yt\u00e4nn\u00f6llinen ja mukava valinta kalastajille sek\u00e4 ulkoilun harrastajille. Tummanoliivinvihre\u00e4 v\u00e4ri sulautuu luontoon h\u00e4iritsem\u00e4tt\u00e4 kalaa ja tarjoten miellytt\u00e4v\u00e4n olon veden \u00e4\u00e4rell\u00e4. Liivi on valmistettu kevyest\u00e4, kest\u00e4v\u00e4st\u00e4 ja hengitt\u00e4v\u00e4st\u00e4 materiaalista, joka ei rajoita liikkeit\u00e4 ja sopii pitkiin kalastusreissuihin. Lukuisat k\u00e4yt\u00e4nn\u00f6lliset taskut tarjoavat tilaa v\u00e4lineille, ty\u00f6kaluille ja pienille tarvikkeille, jotta ne olisivat aina helposti saatavilla. Ergonominen leikkaus ja s\u00e4\u00e4dett\u00e4v\u00e4t yksityiskohdat takaavat hyv\u00e4n istuvuuden eri vartalotyypeille. T\u00e4m\u00e4 liivi on luotettava valinta kalastukseen, retkeilyyn, leiriytymiseen ja aktiiviseen ulkoiluun.     <\/p>\n","protected":false},"featured_media":158600,"template":"","meta":{"_acf_changed":false},"product_brand":[],"product_cat":[265],"product_tag":[],"class_list":{"0":"post-158646","1":"product","2":"type-product","3":"status-publish","4":"has-post-thumbnail","6":"product_cat-takit-ja-valjaat","8":"first","9":"instock","10":"taxable","11":"shipping-taxable","12":"purchasable","13":"product-type-variable"},"acf":[],"_links":{"self":[{"href":"https:\/\/kingarms.ee\/fi\/wp-json\/wp\/v2\/product\/158646","targetHints":{"allow":["GET"]}}],"collection":[{"href":"https:\/\/kingarms.ee\/fi\/wp-json\/wp\/v2\/product"}],"about":[{"href":"https:\/\/kingarms.ee\/fi\/wp-json\/wp\/v2\/types\/product"}],"wp:featuredmedia":[{"embeddable":true,"href":"https:\/\/kingarms.ee\/fi\/wp-json\/wp\/v2\/media\/158600"}],"wp:attachment":[{"href":"https:\/\/kingarms.ee\/fi\/wp-json\/wp\/v2\/media?parent=158646"}],"wp:term":[{"taxonomy":"product_brand","embeddable":true,"href":"https:\/\/kingarms.ee\/fi\/wp-json\/wp\/v2\/product_brand?post=158646"},{"taxonomy":"product_cat","embeddable":true,"href":"https:\/\/kingarms.ee\/fi\/wp-json\/wp\/v2\/product_cat?post=158646"},{"taxonomy":"product_tag","embeddable":true,"href":"https:\/\/kingarms.ee\/fi\/wp-json\/wp\/v2\/product_tag?post=158646"}],"curies":[{"name":"wp","href":"https:\/\/api.w.org\/{rel}","templated":true}]}}