{"id":158761,"date":"2025-12-08T14:27:55","date_gmt":"2025-12-08T11:27:55","guid":{"rendered":"https:\/\/kingarms.ee\/product\/kaksipuolinen-remington-experienced-hunter-ii-liivi\/"},"modified":"2025-12-08T14:30:05","modified_gmt":"2025-12-08T11:30:05","slug":"kaksipuolinen-remington-experienced-hunter-ii-liivi","status":"publish","type":"product","link":"https:\/\/kingarms.ee\/fi\/product\/kaksipuolinen-remington-experienced-hunter-ii-liivi\/","title":{"rendered":"Kaksipuolinen Remington Experienced Hunter II liivi"},"content":{"rendered":"","protected":false},"excerpt":{"rendered":"<p>Kaksipuolinen Remington Experienced Hunter II liivi on monik\u00e4ytt\u00f6inen ja huolellisesti suunniteltu vaate mets\u00e4st\u00e4jille, kalastajille ja ulkoilun harrastajille. Liiviss\u00e4 on kaksi k\u00e4ytt\u00f6tapaa \u2014 maastokuvioinen puoli parempaan naamioitumiseen ja yksiv\u00e4rinen puoli arkik\u00e4ytt\u00f6\u00f6n. Kest\u00e4v\u00e4 ja kulutusta siet\u00e4v\u00e4 materiaali suojaa tuulelta ja kevyelt\u00e4 sateelta, ja eristetty rakenne pit\u00e4\u00e4 kehon l\u00e4mpim\u00e4n\u00e4 viile\u00e4ll\u00e4 s\u00e4\u00e4ll\u00e4. K\u00e4yt\u00e4nn\u00f6lliset taskut molemmilla puolilla tarjoavat k\u00e4tev\u00e4n s\u00e4ilytyksen varusteille ja tarvikkeille. Ergonominen leikkaus mahdollistaa vapaan liikkumisen ja mukavuuden pitkill\u00e4 retkill\u00e4 ja mets\u00e4styksess\u00e4. T\u00e4m\u00e4 malli yhdist\u00e4\u00e4 k\u00e4yt\u00e4nn\u00f6llisyyden, mukautuvuuden ja kest\u00e4vyyden.     <\/p>\n","protected":false},"featured_media":158722,"template":"","meta":{"_acf_changed":false},"product_brand":[],"product_cat":[265],"product_tag":[],"class_list":{"0":"post-158761","1":"product","2":"type-product","3":"status-publish","4":"has-post-thumbnail","6":"product_cat-takit-ja-valjaat","8":"first","9":"instock","10":"taxable","11":"shipping-taxable","12":"purchasable","13":"product-type-variable"},"acf":[],"_links":{"self":[{"href":"https:\/\/kingarms.ee\/fi\/wp-json\/wp\/v2\/product\/158761","targetHints":{"allow":["GET"]}}],"collection":[{"href":"https:\/\/kingarms.ee\/fi\/wp-json\/wp\/v2\/product"}],"about":[{"href":"https:\/\/kingarms.ee\/fi\/wp-json\/wp\/v2\/types\/product"}],"wp:featuredmedia":[{"embeddable":true,"href":"https:\/\/kingarms.ee\/fi\/wp-json\/wp\/v2\/media\/158722"}],"wp:attachment":[{"href":"https:\/\/kingarms.ee\/fi\/wp-json\/wp\/v2\/media?parent=158761"}],"wp:term":[{"taxonomy":"product_brand","embeddable":true,"href":"https:\/\/kingarms.ee\/fi\/wp-json\/wp\/v2\/product_brand?post=158761"},{"taxonomy":"product_cat","embeddable":true,"href":"https:\/\/kingarms.ee\/fi\/wp-json\/wp\/v2\/product_cat?post=158761"},{"taxonomy":"product_tag","embeddable":true,"href":"https:\/\/kingarms.ee\/fi\/wp-json\/wp\/v2\/product_tag?post=158761"}],"curies":[{"name":"wp","href":"https:\/\/api.w.org\/{rel}","templated":true}]}}