{"id":158831,"date":"2025-12-09T10:10:38","date_gmt":"2025-12-09T07:10:38","guid":{"rendered":"https:\/\/kingarms.ee\/product\/remington-hunter-signal-orange-beige-liivi\/"},"modified":"2025-12-09T10:12:40","modified_gmt":"2025-12-09T07:12:40","slug":"remington-hunter-signal-orange-beige-liivi","status":"publish","type":"product","link":"https:\/\/kingarms.ee\/fi\/product\/remington-hunter-signal-orange-beige-liivi\/","title":{"rendered":"Remington Hunter Signal Orange\/Beige liivi"},"content":{"rendered":"","protected":false},"excerpt":{"rendered":"<p>Remington Hunter Signal Orange\/Beige liivi on luotettava ja huolellisesti suunniteltu vaate mets\u00e4st\u00e4jille, jotka arvostavat turvallisuutta, mukavuutta ja toiminnallisuutta. Kirkas oranssi signaaliv\u00e4ri takaa erinomaisen n\u00e4kyvyyden mets\u00e4ss\u00e4 ja avoimilla alueilla, auttaen v\u00e4ltt\u00e4m\u00e4\u00e4n vaaratilanteita yhteisjahdeissa. Beige osa lis\u00e4\u00e4 liivin monik\u00e4ytt\u00f6isyytt\u00e4 ja sopii hyvin my\u00f6s arkik\u00e4ytt\u00f6\u00f6n. Kevyt, kest\u00e4v\u00e4 ja hengitt\u00e4v\u00e4 materiaali ei rajoita liikett\u00e4 ja soveltuu pitkille vaelluksille. K\u00e4yt\u00e4nn\u00f6lliset taskut tarjoavat tilaa patruunoille, tarvikkeille ja t\u00e4rkeille tavaroille. T\u00e4m\u00e4 liivi on erinomainen valinta ajojahtiin, retkeilyyn ja aktiiviseen ulkoiluun.     <\/p>\n","protected":false},"featured_media":158799,"template":"","meta":{"_acf_changed":false},"product_brand":[],"product_cat":[265],"product_tag":[],"class_list":{"0":"post-158831","1":"product","2":"type-product","3":"status-publish","4":"has-post-thumbnail","6":"product_cat-takit-ja-valjaat","8":"first","9":"instock","10":"taxable","11":"shipping-taxable","12":"purchasable","13":"product-type-variable"},"acf":[],"_links":{"self":[{"href":"https:\/\/kingarms.ee\/fi\/wp-json\/wp\/v2\/product\/158831","targetHints":{"allow":["GET"]}}],"collection":[{"href":"https:\/\/kingarms.ee\/fi\/wp-json\/wp\/v2\/product"}],"about":[{"href":"https:\/\/kingarms.ee\/fi\/wp-json\/wp\/v2\/types\/product"}],"wp:featuredmedia":[{"embeddable":true,"href":"https:\/\/kingarms.ee\/fi\/wp-json\/wp\/v2\/media\/158799"}],"wp:attachment":[{"href":"https:\/\/kingarms.ee\/fi\/wp-json\/wp\/v2\/media?parent=158831"}],"wp:term":[{"taxonomy":"product_brand","embeddable":true,"href":"https:\/\/kingarms.ee\/fi\/wp-json\/wp\/v2\/product_brand?post=158831"},{"taxonomy":"product_cat","embeddable":true,"href":"https:\/\/kingarms.ee\/fi\/wp-json\/wp\/v2\/product_cat?post=158831"},{"taxonomy":"product_tag","embeddable":true,"href":"https:\/\/kingarms.ee\/fi\/wp-json\/wp\/v2\/product_tag?post=158831"}],"curies":[{"name":"wp","href":"https:\/\/api.w.org\/{rel}","templated":true}]}}