{"id":159042,"date":"2025-12-09T11:28:18","date_gmt":"2025-12-09T08:28:18","guid":{"rendered":"https:\/\/kingarms.ee\/product\/remington-alabama-summer-green-forest-puku\/"},"modified":"2025-12-09T11:30:32","modified_gmt":"2025-12-09T08:30:32","slug":"remington-alabama-summer-green-forest-puku","status":"publish","type":"product","link":"https:\/\/kingarms.ee\/fi\/product\/remington-alabama-summer-green-forest-puku\/","title":{"rendered":"Remington Alabama Summer Green Forest puku"},"content":{"rendered":"","protected":false},"excerpt":{"rendered":"<p>Remington Alabama Summer Green Forest puku on kevyt, mukava ja k\u00e4yt\u00e4nn\u00f6llinen kes\u00e4malli mets\u00e4stykseen, kalastukseen ja aktiiviseen ulkoiluun. Hengitt\u00e4v\u00e4 materiaali siirt\u00e4\u00e4 kosteutta tehokkaasti ja pit\u00e4\u00e4 olon miellytt\u00e4v\u00e4n\u00e4 my\u00f6s kuumalla s\u00e4\u00e4ll\u00e4 ja pitkien vaellusten aikana. Green Forest -maastokuvio sulautuu erinomaisesti mets\u00e4ymp\u00e4rist\u00f6\u00f6n, v\u00e4hent\u00e4en n\u00e4kyvyytt\u00e4 riistalle. Takki ja housut on leikattu ergonomisesti, jotta liikkuminen olisi vapaata k\u00e4velless\u00e4, t\u00e4hd\u00e4tess\u00e4 ja varusteita k\u00e4ytt\u00e4ess\u00e4. K\u00e4yt\u00e4nn\u00f6lliset taskut tarjoavat tilaa tarvikkeille ja t\u00e4rkeille esineille. Erinomainen valinta kes\u00e4mets\u00e4stykseen, mets\u00e4retkille, ekspeditioille ja ulkoiluseikkailuihin.     <\/p>\n","protected":false},"featured_media":159007,"template":"","meta":{"_acf_changed":false},"product_brand":[],"product_cat":[879],"product_tag":[],"class_list":{"0":"post-159042","1":"product","2":"type-product","3":"status-publish","4":"has-post-thumbnail","6":"product_cat-sarjat","8":"first","9":"instock","10":"taxable","11":"shipping-taxable","12":"purchasable","13":"product-type-variable"},"acf":[],"_links":{"self":[{"href":"https:\/\/kingarms.ee\/fi\/wp-json\/wp\/v2\/product\/159042","targetHints":{"allow":["GET"]}}],"collection":[{"href":"https:\/\/kingarms.ee\/fi\/wp-json\/wp\/v2\/product"}],"about":[{"href":"https:\/\/kingarms.ee\/fi\/wp-json\/wp\/v2\/types\/product"}],"wp:featuredmedia":[{"embeddable":true,"href":"https:\/\/kingarms.ee\/fi\/wp-json\/wp\/v2\/media\/159007"}],"wp:attachment":[{"href":"https:\/\/kingarms.ee\/fi\/wp-json\/wp\/v2\/media?parent=159042"}],"wp:term":[{"taxonomy":"product_brand","embeddable":true,"href":"https:\/\/kingarms.ee\/fi\/wp-json\/wp\/v2\/product_brand?post=159042"},{"taxonomy":"product_cat","embeddable":true,"href":"https:\/\/kingarms.ee\/fi\/wp-json\/wp\/v2\/product_cat?post=159042"},{"taxonomy":"product_tag","embeddable":true,"href":"https:\/\/kingarms.ee\/fi\/wp-json\/wp\/v2\/product_tag?post=159042"}],"curies":[{"name":"wp","href":"https:\/\/api.w.org\/{rel}","templated":true}]}}