{"id":159238,"date":"2025-12-09T12:28:59","date_gmt":"2025-12-09T09:28:59","guid":{"rendered":"https:\/\/kingarms.ee\/product\/remington-insect-blocker-puku\/"},"modified":"2025-12-09T12:31:03","modified_gmt":"2025-12-09T09:31:03","slug":"remington-insect-blocker-puku","status":"publish","type":"product","link":"https:\/\/kingarms.ee\/fi\/product\/remington-insect-blocker-puku\/","title":{"rendered":"Remington Insect Blocker puku"},"content":{"rendered":"","protected":false},"excerpt":{"rendered":"<p>Remington Insect Blocker puku on kevyt, toiminnallinen ja suojaava kokonaisuus mets\u00e4stykseen, kalastukseen, retkeilyyn ja ty\u00f6skentelyyn alueilla, joilla hy\u00f6nteisi\u00e4 esiintyy runsaasti. Materiaali on k\u00e4sitelty erityisell\u00e4 suojausteknologialla, joka auttaa karkottamaan hyttysi\u00e4, polttiaisia ja punkkeja, tehden ulkoilusta huomattavasti miellytt\u00e4v\u00e4mp\u00e4\u00e4 ja turvallisempaa. Kangas hengitt\u00e4\u00e4 hyvin, kuivuu nopeasti eik\u00e4 ylikuumenna aktiivisessakaan liikkeess\u00e4. Takki ja housut on leikattu ergonomisesti, jotta liikkuminen olisi vapaata k\u00e4velyss\u00e4, ammunnassa tai muissa teht\u00e4viss\u00e4. K\u00e4yt\u00e4nn\u00f6lliset taskut tarjoavat tilaa t\u00e4rkeille tarvikkeille. T\u00e4m\u00e4 puku on erinomainen valinta retkikunnille, mets\u00e4vaelluksille, kes\u00e4mets\u00e4stykseen ja kaikkiin ulkoilma-aktiviteetteihin, joissa hy\u00f6nteissuoja on tarpeen.     <\/p>\n","protected":false},"featured_media":159203,"template":"","meta":{"_acf_changed":false},"product_brand":[],"product_cat":[879],"product_tag":[],"class_list":{"0":"post-159238","1":"product","2":"type-product","3":"status-publish","4":"has-post-thumbnail","6":"product_cat-sarjat","8":"first","9":"instock","10":"taxable","11":"shipping-taxable","12":"purchasable","13":"product-type-variable"},"acf":[],"_links":{"self":[{"href":"https:\/\/kingarms.ee\/fi\/wp-json\/wp\/v2\/product\/159238","targetHints":{"allow":["GET"]}}],"collection":[{"href":"https:\/\/kingarms.ee\/fi\/wp-json\/wp\/v2\/product"}],"about":[{"href":"https:\/\/kingarms.ee\/fi\/wp-json\/wp\/v2\/types\/product"}],"wp:featuredmedia":[{"embeddable":true,"href":"https:\/\/kingarms.ee\/fi\/wp-json\/wp\/v2\/media\/159203"}],"wp:attachment":[{"href":"https:\/\/kingarms.ee\/fi\/wp-json\/wp\/v2\/media?parent=159238"}],"wp:term":[{"taxonomy":"product_brand","embeddable":true,"href":"https:\/\/kingarms.ee\/fi\/wp-json\/wp\/v2\/product_brand?post=159238"},{"taxonomy":"product_cat","embeddable":true,"href":"https:\/\/kingarms.ee\/fi\/wp-json\/wp\/v2\/product_cat?post=159238"},{"taxonomy":"product_tag","embeddable":true,"href":"https:\/\/kingarms.ee\/fi\/wp-json\/wp\/v2\/product_tag?post=159238"}],"curies":[{"name":"wp","href":"https:\/\/api.w.org\/{rel}","templated":true}]}}