{"id":159380,"date":"2025-12-09T13:09:19","date_gmt":"2025-12-09T10:09:19","guid":{"rendered":"https:\/\/kingarms.ee\/product\/remington-cadiz-huppari\/"},"modified":"2025-12-09T13:14:12","modified_gmt":"2025-12-09T10:14:12","slug":"remington-cadiz-huppari","status":"publish","type":"product","link":"https:\/\/kingarms.ee\/fi\/product\/remington-cadiz-huppari\/","title":{"rendered":"Remington Cadiz huppari"},"content":{"rendered":"","protected":false},"excerpt":{"rendered":"<p>Remington Cadiz huppari on tyylik\u00e4s ja mukava vaate aktiiviseen ulkoiluun ja jokap\u00e4iv\u00e4iseen k\u00e4ytt\u00f6\u00f6n. Pehme\u00e4 ja miellytt\u00e4v\u00e4 materiaali takaa k\u00e4ytt\u00f6mukavuuden koko p\u00e4iv\u00e4n ajaksi, ja vahva kangas tarjoaa l\u00e4mp\u00f6\u00e4 viile\u00e4ll\u00e4 s\u00e4\u00e4ll\u00e4. Rentona istuva malli ei rajoita liikkumista, ja s\u00e4\u00e4dett\u00e4v\u00e4 huppu suojaa tuulelta ja kevyelt\u00e4 sateelta. Selke\u00e4 ja moderni muotoilu tekee hupparista helposti yhdistelt\u00e4v\u00e4n eri asujen kanssa. Suuri kengurutasku tarjoaa tilaa pienille tavaroille tai paikkaa l\u00e4mmitt\u00e4\u00e4 k\u00e4si\u00e4. Remington Cadiz on loistava valinta k\u00e4velyille, treeneihin ja kaupunkik\u00e4ytt\u00f6\u00f6n.     <\/p>\n","protected":false},"featured_media":159343,"template":"","meta":{"_acf_changed":false},"product_brand":[],"product_cat":[642],"product_tag":[],"class_list":{"0":"post-159380","1":"product","2":"type-product","3":"status-publish","4":"has-post-thumbnail","6":"product_cat-joped-fi","8":"first","9":"instock","10":"taxable","11":"shipping-taxable","12":"purchasable","13":"product-type-variable"},"acf":[],"_links":{"self":[{"href":"https:\/\/kingarms.ee\/fi\/wp-json\/wp\/v2\/product\/159380","targetHints":{"allow":["GET"]}}],"collection":[{"href":"https:\/\/kingarms.ee\/fi\/wp-json\/wp\/v2\/product"}],"about":[{"href":"https:\/\/kingarms.ee\/fi\/wp-json\/wp\/v2\/types\/product"}],"wp:featuredmedia":[{"embeddable":true,"href":"https:\/\/kingarms.ee\/fi\/wp-json\/wp\/v2\/media\/159343"}],"wp:attachment":[{"href":"https:\/\/kingarms.ee\/fi\/wp-json\/wp\/v2\/media?parent=159380"}],"wp:term":[{"taxonomy":"product_brand","embeddable":true,"href":"https:\/\/kingarms.ee\/fi\/wp-json\/wp\/v2\/product_brand?post=159380"},{"taxonomy":"product_cat","embeddable":true,"href":"https:\/\/kingarms.ee\/fi\/wp-json\/wp\/v2\/product_cat?post=159380"},{"taxonomy":"product_tag","embeddable":true,"href":"https:\/\/kingarms.ee\/fi\/wp-json\/wp\/v2\/product_tag?post=159380"}],"curies":[{"name":"wp","href":"https:\/\/api.w.org\/{rel}","templated":true}]}}