{"id":159458,"date":"2025-12-09T13:48:09","date_gmt":"2025-12-09T10:48:09","guid":{"rendered":"https:\/\/kingarms.ee\/product\/remington-polar-dream-dark-olive-takki\/"},"modified":"2025-12-09T13:49:44","modified_gmt":"2025-12-09T10:49:44","slug":"remington-polar-dream-dark-olive-takki","status":"publish","type":"product","link":"https:\/\/kingarms.ee\/fi\/product\/remington-polar-dream-dark-olive-takki\/","title":{"rendered":"Remington Polar Dream Dark Olive takki"},"content":{"rendered":"","protected":false},"excerpt":{"rendered":"<p>Remington Polar Dream Dark Olive takki on l\u00e4mmin, luotettava ja toiminnallinen ulkoilutakki kylmiin s\u00e4\u00e4olosuhteisiin ja aktiiviseen ulkoiluun. Sen eristetty rakenne s\u00e4ilytt\u00e4\u00e4 l\u00e4mm\u00f6n tehokkaasti ja jakaa sen tasaisesti koko keholle, tarjoten mukavuutta my\u00f6s alhaisissa l\u00e4mp\u00f6tiloissa. Kest\u00e4v\u00e4 ja kulutusta kest\u00e4v\u00e4 materiaali suojaa tuulelta ja kevyelt\u00e4 sateelta, pit\u00e4en olon kuivana ja miellytt\u00e4v\u00e4n\u00e4 pitkien k\u00e4velyjen, kalastusreissujen tai mets\u00e4styksen aikana. Ergonominen leikkaus mahdollistaa vapaan liikkumisen ja k\u00e4yt\u00e4nn\u00f6lliset taskut tarjoavat helpon p\u00e4\u00e4syn t\u00e4rkeisiin tavaroihin. Tummanoliivinvihre\u00e4 v\u00e4ri tekee takista monipuolisen ja k\u00e4yt\u00e4nn\u00f6llisen valinnan eri ulkoilutilanteisiin. Polar Dream on loistava vaihtoehto niille, jotka arvostavat l\u00e4mp\u00f6\u00e4, mukavuutta ja kest\u00e4vyytt\u00e4.     <\/p>\n","protected":false},"featured_media":159409,"template":"","meta":{"_acf_changed":false},"product_brand":[],"product_cat":[642],"product_tag":[],"class_list":{"0":"post-159458","1":"product","2":"type-product","3":"status-publish","4":"has-post-thumbnail","6":"product_cat-joped-fi","8":"first","9":"instock","10":"taxable","11":"shipping-taxable","12":"purchasable","13":"product-type-variable"},"acf":[],"_links":{"self":[{"href":"https:\/\/kingarms.ee\/fi\/wp-json\/wp\/v2\/product\/159458","targetHints":{"allow":["GET"]}}],"collection":[{"href":"https:\/\/kingarms.ee\/fi\/wp-json\/wp\/v2\/product"}],"about":[{"href":"https:\/\/kingarms.ee\/fi\/wp-json\/wp\/v2\/types\/product"}],"wp:featuredmedia":[{"embeddable":true,"href":"https:\/\/kingarms.ee\/fi\/wp-json\/wp\/v2\/media\/159409"}],"wp:attachment":[{"href":"https:\/\/kingarms.ee\/fi\/wp-json\/wp\/v2\/media?parent=159458"}],"wp:term":[{"taxonomy":"product_brand","embeddable":true,"href":"https:\/\/kingarms.ee\/fi\/wp-json\/wp\/v2\/product_brand?post=159458"},{"taxonomy":"product_cat","embeddable":true,"href":"https:\/\/kingarms.ee\/fi\/wp-json\/wp\/v2\/product_cat?post=159458"},{"taxonomy":"product_tag","embeddable":true,"href":"https:\/\/kingarms.ee\/fi\/wp-json\/wp\/v2\/product_tag?post=159458"}],"curies":[{"name":"wp","href":"https:\/\/api.w.org\/{rel}","templated":true}]}}