{"id":159729,"date":"2025-12-09T15:24:33","date_gmt":"2025-12-09T12:24:33","guid":{"rendered":"https:\/\/kingarms.ee\/product\/remington-fishing-style-orange-pitkahihainen-paita\/"},"modified":"2025-12-09T15:26:43","modified_gmt":"2025-12-09T12:26:43","slug":"remington-fishing-style-orange-pitkahihainen-paita","status":"publish","type":"product","link":"https:\/\/kingarms.ee\/fi\/product\/remington-fishing-style-orange-pitkahihainen-paita\/","title":{"rendered":"Remington Fishing Style Orange pitk\u00e4hihainen paita"},"content":{"rendered":"","protected":false},"excerpt":{"rendered":"<p>Remington Fishing Style Orange pitk\u00e4hihainen paita on toiminnallinen ja n\u00e4ytt\u00e4v\u00e4 vaate kalastukseen ja ulkoiluun. Kevyt ja hengitt\u00e4v\u00e4 materiaali siirt\u00e4\u00e4 kosteutta tehokkaasti ja tarjoaa mukavuutta my\u00f6s kuumalla s\u00e4\u00e4ll\u00e4. Pitk\u00e4t hihat suojaavat auringolta, tuulelta ja hy\u00f6nteisilt\u00e4 \u2014 erityisen t\u00e4rke\u00e4\u00e4 veden \u00e4\u00e4rell\u00e4 viett\u00e4ess\u00e4 paljon aikaa. Kirkas oranssi v\u00e4ri lis\u00e4\u00e4 n\u00e4kyvyytt\u00e4 ja antaa sporttisen ilmeen. V\u00e4lj\u00e4 leikkaus ei rajoita liikkumista, joten paita sopii erinomaisesti heittoihin ja aktiiviseen liikkumiseen. T\u00e4ydellinen valinta kalastukseen, retkeilyyn ja jokap\u00e4iv\u00e4iseen outdoor-tyyliin.     <\/p>\n","protected":false},"featured_media":159699,"template":"","meta":{"_acf_changed":false},"product_brand":[],"product_cat":[643],"product_tag":[],"class_list":{"0":"post-159729","1":"product","2":"type-product","3":"status-publish","4":"has-post-thumbnail","6":"product_cat-puserot-paidat","8":"first","9":"instock","10":"taxable","11":"shipping-taxable","12":"purchasable","13":"product-type-variable"},"acf":[],"_links":{"self":[{"href":"https:\/\/kingarms.ee\/fi\/wp-json\/wp\/v2\/product\/159729","targetHints":{"allow":["GET"]}}],"collection":[{"href":"https:\/\/kingarms.ee\/fi\/wp-json\/wp\/v2\/product"}],"about":[{"href":"https:\/\/kingarms.ee\/fi\/wp-json\/wp\/v2\/types\/product"}],"wp:featuredmedia":[{"embeddable":true,"href":"https:\/\/kingarms.ee\/fi\/wp-json\/wp\/v2\/media\/159699"}],"wp:attachment":[{"href":"https:\/\/kingarms.ee\/fi\/wp-json\/wp\/v2\/media?parent=159729"}],"wp:term":[{"taxonomy":"product_brand","embeddable":true,"href":"https:\/\/kingarms.ee\/fi\/wp-json\/wp\/v2\/product_brand?post=159729"},{"taxonomy":"product_cat","embeddable":true,"href":"https:\/\/kingarms.ee\/fi\/wp-json\/wp\/v2\/product_cat?post=159729"},{"taxonomy":"product_tag","embeddable":true,"href":"https:\/\/kingarms.ee\/fi\/wp-json\/wp\/v2\/product_tag?post=159729"}],"curies":[{"name":"wp","href":"https:\/\/api.w.org\/{rel}","templated":true}]}}