{"id":159786,"date":"2025-12-09T15:42:53","date_gmt":"2025-12-09T12:42:53","guid":{"rendered":"https:\/\/kingarms.ee\/product\/remington-foliage-dark-olive-pitkahihainen-paita\/"},"modified":"2025-12-09T15:44:27","modified_gmt":"2025-12-09T12:44:27","slug":"remington-foliage-dark-olive-pitkahihainen-paita","status":"publish","type":"product","link":"https:\/\/kingarms.ee\/fi\/product\/remington-foliage-dark-olive-pitkahihainen-paita\/","title":{"rendered":"Remington Foliage Dark Olive pitk\u00e4hihainen paita"},"content":{"rendered":"","protected":false},"excerpt":{"rendered":"<p>Remington Foliage Dark Olive pitk\u00e4hihainen paita on mukava, kest\u00e4v\u00e4 ja monik\u00e4ytt\u00f6inen vaate ulkoiluun, mets\u00e4stykseen ja kalastukseen. Hengitt\u00e4v\u00e4 materiaali siirt\u00e4\u00e4 kosteutta tehokkaasti ja tarjoaa mukavuutta pitk\u00e4kestoisenkin liikunnan aikana. Pitk\u00e4t hihat suojaavat auringolta, tuulelta ja hy\u00f6nteisilt\u00e4 \u2014 erityisen t\u00e4rke\u00e4\u00e4 mets\u00e4- ja suoalueilla. Tummanoliivinvihre\u00e4 v\u00e4ri ja Foliage-tyylinen kuvio auttavat sulautumaan ymp\u00e4rist\u00f6\u00f6n paremmin. V\u00e4lj\u00e4 leikkaus ei rajoita liikkumista ja sopii erinomaisesti k\u00e4velyyn, heittoihin ja varusteiden k\u00e4sittelyyn. T\u00e4ydellinen valinta vaelluksille, kalastukseen, mets\u00e4stykseen ja jokap\u00e4iv\u00e4iseen ulkoiluun.     <\/p>\n","protected":false},"featured_media":159755,"template":"","meta":{"_acf_changed":false},"product_brand":[],"product_cat":[643],"product_tag":[],"class_list":{"0":"post-159786","1":"product","2":"type-product","3":"status-publish","4":"has-post-thumbnail","6":"product_cat-puserot-paidat","8":"first","9":"instock","10":"taxable","11":"shipping-taxable","12":"purchasable","13":"product-type-variable"},"acf":[],"_links":{"self":[{"href":"https:\/\/kingarms.ee\/fi\/wp-json\/wp\/v2\/product\/159786","targetHints":{"allow":["GET"]}}],"collection":[{"href":"https:\/\/kingarms.ee\/fi\/wp-json\/wp\/v2\/product"}],"about":[{"href":"https:\/\/kingarms.ee\/fi\/wp-json\/wp\/v2\/types\/product"}],"wp:featuredmedia":[{"embeddable":true,"href":"https:\/\/kingarms.ee\/fi\/wp-json\/wp\/v2\/media\/159755"}],"wp:attachment":[{"href":"https:\/\/kingarms.ee\/fi\/wp-json\/wp\/v2\/media?parent=159786"}],"wp:term":[{"taxonomy":"product_brand","embeddable":true,"href":"https:\/\/kingarms.ee\/fi\/wp-json\/wp\/v2\/product_brand?post=159786"},{"taxonomy":"product_cat","embeddable":true,"href":"https:\/\/kingarms.ee\/fi\/wp-json\/wp\/v2\/product_cat?post=159786"},{"taxonomy":"product_tag","embeddable":true,"href":"https:\/\/kingarms.ee\/fi\/wp-json\/wp\/v2\/product_tag?post=159786"}],"curies":[{"name":"wp","href":"https:\/\/api.w.org\/{rel}","templated":true}]}}