{"id":159938,"date":"2026-01-14T15:19:46","date_gmt":"2026-01-14T12:19:46","guid":{"rendered":"https:\/\/kingarms.ee\/product\/aloituspistoolin-ylimaarainen-lipas-retay-blow-ekol\/"},"modified":"2026-01-14T15:25:29","modified_gmt":"2026-01-14T12:25:29","slug":"aloituspistoolin-ylimaarainen-lipas-retay-blow-ekol","status":"publish","type":"product","link":"https:\/\/kingarms.ee\/fi\/product\/aloituspistoolin-ylimaarainen-lipas-retay-blow-ekol\/","title":{"rendered":"Aloituspistoolin ylim\u00e4\u00e4r\u00e4inen lipas (Retay, Blow, Ekol)"},"content":{"rendered":"<p><img loading=\"lazy\" decoding=\"async\" class=\"alignnone size-full wp-image-159931\" src=\"https:\/\/kingarms.ee\/wp-content\/uploads\/2026\/01\/file_000000008ce071f4a1ccf54cbcebb8c8.png\" alt=\"\" width=\"1536\" height=\"1024\" srcset=\"https:\/\/kingarms.ee\/wp-content\/uploads\/2026\/01\/file_000000008ce071f4a1ccf54cbcebb8c8.png 1536w, https:\/\/kingarms.ee\/wp-content\/uploads\/2026\/01\/file_000000008ce071f4a1ccf54cbcebb8c8-300x200.png 300w, https:\/\/kingarms.ee\/wp-content\/uploads\/2026\/01\/file_000000008ce071f4a1ccf54cbcebb8c8-1024x683.png 1024w, https:\/\/kingarms.ee\/wp-content\/uploads\/2026\/01\/file_000000008ce071f4a1ccf54cbcebb8c8-768x512.png 768w, https:\/\/kingarms.ee\/wp-content\/uploads\/2026\/01\/file_000000008ce071f4a1ccf54cbcebb8c8-500x333.png 500w, https:\/\/kingarms.ee\/wp-content\/uploads\/2026\/01\/file_000000008ce071f4a1ccf54cbcebb8c8-150x100.png 150w\" sizes=\"auto, (max-width: 1536px) 100vw, 1536px\" \/><\/p>\n","protected":false},"excerpt":{"rendered":"<p>Aloituspistoolin ylim\u00e4\u00e4r\u00e4inen lipas (Retay, Blow, Ekol)<\/p>\n<p>Ilmoita tilauksen yhteydess\u00e4, mille aseelle haluat lippaan<\/p>\n","protected":false},"featured_media":159933,"template":"","meta":{"_acf_changed":false},"product_brand":[],"product_cat":[254],"product_tag":[],"class_list":{"0":"post-159938","1":"product","2":"type-product","3":"status-publish","4":"has-post-thumbnail","6":"product_cat-kaynnistys-pistoolit","8":"first","9":"instock","10":"taxable","11":"shipping-taxable","12":"purchasable","13":"product-type-simple"},"acf":[],"_links":{"self":[{"href":"https:\/\/kingarms.ee\/fi\/wp-json\/wp\/v2\/product\/159938","targetHints":{"allow":["GET"]}}],"collection":[{"href":"https:\/\/kingarms.ee\/fi\/wp-json\/wp\/v2\/product"}],"about":[{"href":"https:\/\/kingarms.ee\/fi\/wp-json\/wp\/v2\/types\/product"}],"wp:featuredmedia":[{"embeddable":true,"href":"https:\/\/kingarms.ee\/fi\/wp-json\/wp\/v2\/media\/159933"}],"wp:attachment":[{"href":"https:\/\/kingarms.ee\/fi\/wp-json\/wp\/v2\/media?parent=159938"}],"wp:term":[{"taxonomy":"product_brand","embeddable":true,"href":"https:\/\/kingarms.ee\/fi\/wp-json\/wp\/v2\/product_brand?post=159938"},{"taxonomy":"product_cat","embeddable":true,"href":"https:\/\/kingarms.ee\/fi\/wp-json\/wp\/v2\/product_cat?post=159938"},{"taxonomy":"product_tag","embeddable":true,"href":"https:\/\/kingarms.ee\/fi\/wp-json\/wp\/v2\/product_tag?post=159938"}],"curies":[{"name":"wp","href":"https:\/\/api.w.org\/{rel}","templated":true}]}}