{"id":160438,"date":"2026-05-05T23:13:58","date_gmt":"2026-05-05T20:13:58","guid":{"rendered":"https:\/\/kingarms.ee\/product\/hatsan-optima-blitz-4-5mm-32j\/"},"modified":"2026-05-05T23:13:58","modified_gmt":"2026-05-05T20:13:58","slug":"hatsan-optima-blitz-4-5mm-32j","status":"publish","type":"product","link":"https:\/\/kingarms.ee\/fi\/product\/hatsan-optima-blitz-4-5mm-32j\/","title":{"rendered":"Hatsan Optima Blitz 4.5mm (32J)"},"content":{"rendered":"","protected":false},"excerpt":{"rendered":"<p data-start=\"1349\" data-end=\"1957\">T\u00e4m\u00e4 on moderni PCP-ilmakiv\u00e4\u00e4ri, joka erottuu \u0432\u044b\u0441\u043e\u043a\u043e\u0439 tarkkuudellaan ja huolellisesti suunnitellulla rakenteellaan. Kaliiperi 4,5 mm (.177) ja 17 J l\u00e4ht\u00f6energia tekev\u00e4t siit\u00e4 sopivan sek\u00e4 urheiluammuntaan ett\u00e4 vapaa-ajan k\u00e4ytt\u00f6\u00f6n ilman lupavaatimusta. Pitk\u00e4, 660 mm ruostumattomasta ter\u00e4ksest\u00e4 valmistettu piippu takaa vakaan ja tarkan osuman, ja tilava 700 cm\u00b3 ilmas\u00e4ili\u00f6 mahdollistaa jopa 175 laukausta yhdell\u00e4 t\u00e4yt\u00f6ll\u00e4. Kiv\u00e4\u00e4ri on varustettu 21 patruunan lippaalla diabolo-tyyppisille luodeille ja tukee sek\u00e4 kertatulta ett\u00e4 sarjatulta. Lis\u00e4ksi siin\u00e4 on 22 mm Picatinny-kisko optiikan tai punapistet\u00e4ht\u00e4imen asentamiseen, sis\u00e4\u00e4nrakennettu painemittari sek\u00e4 paineens\u00e4\u00e4din.    <\/p>\n<p data-start=\"1959\" data-end=\"2536\" data-is-last-node=\"\" data-is-only-node=\"\">Rakenne hy\u00f6dynt\u00e4\u00e4 kest\u00e4vi\u00e4 ja nykyaikaisia materiaaleja: hiilikuitus\u00e4ili\u00f6, oksidoitu viimeistely ja musta v\u00e4ritys takaavat luotettavuuden ja tyylikk\u00e4\u00e4n ulkon\u00e4\u00f6n. S\u00e4\u00e4dett\u00e4v\u00e4 tukki ja poskipakka, pistoolikahva sek\u00e4 kantokahva lis\u00e4\u00e4v\u00e4t k\u00e4ytt\u00f6mukavuutta. Integroitu Anti-Knock System\u00ae ja Air-Operated System\u00ae parantavat turvallisuutta ja toimintavarmuutta. Pakkaus sis\u00e4lt\u00e4\u00e4 kolme lipasta, tiivistesarjan, lippaan viritysavaimen sek\u00e4 Quick Fill -t\u00e4ytt\u00f6sovittimen. Maksimipaine on 300 bar, ja valmistajan takuu on 2 vuotta.    <\/p>\n","protected":false},"featured_media":160432,"template":"","meta":{"_acf_changed":false},"product_brand":[],"product_cat":[253,256],"product_tag":[],"class_list":{"0":"post-160438","1":"product","2":"type-product","3":"status-publish","4":"has-post-thumbnail","6":"product_cat-ilmakivaarit-4-5mm","7":"product_cat-hpa-fi","9":"first","10":"instock","11":"taxable","12":"shipping-taxable","13":"purchasable","14":"product-type-simple"},"acf":[],"_links":{"self":[{"href":"https:\/\/kingarms.ee\/fi\/wp-json\/wp\/v2\/product\/160438","targetHints":{"allow":["GET"]}}],"collection":[{"href":"https:\/\/kingarms.ee\/fi\/wp-json\/wp\/v2\/product"}],"about":[{"href":"https:\/\/kingarms.ee\/fi\/wp-json\/wp\/v2\/types\/product"}],"wp:featuredmedia":[{"embeddable":true,"href":"https:\/\/kingarms.ee\/fi\/wp-json\/wp\/v2\/media\/160432"}],"wp:attachment":[{"href":"https:\/\/kingarms.ee\/fi\/wp-json\/wp\/v2\/media?parent=160438"}],"wp:term":[{"taxonomy":"product_brand","embeddable":true,"href":"https:\/\/kingarms.ee\/fi\/wp-json\/wp\/v2\/product_brand?post=160438"},{"taxonomy":"product_cat","embeddable":true,"href":"https:\/\/kingarms.ee\/fi\/wp-json\/wp\/v2\/product_cat?post=160438"},{"taxonomy":"product_tag","embeddable":true,"href":"https:\/\/kingarms.ee\/fi\/wp-json\/wp\/v2\/product_tag?post=160438"}],"curies":[{"name":"wp","href":"https:\/\/api.w.org\/{rel}","templated":true}]}}