{"id":160511,"date":"2026-05-05T23:24:54","date_gmt":"2026-05-05T20:24:54","guid":{"rendered":"https:\/\/kingarms.ee\/product\/umarex-pcp-notos-4-5mm-23j\/"},"modified":"2026-05-05T23:24:54","modified_gmt":"2026-05-05T20:24:54","slug":"umarex-pcp-notos-4-5mm-23j","status":"publish","type":"product","link":"https:\/\/kingarms.ee\/fi\/product\/umarex-pcp-notos-4-5mm-23j\/","title":{"rendered":"Umarex PCP Notos 4.5mm (23J)"},"content":{"rendered":"","protected":false},"excerpt":{"rendered":"<p data-start=\"1232\" data-end=\"1711\">Umarex UX Notos Carbine Set 4,5 mm PCP-ilmakiv\u00e4\u00e4ri on moderni ja kompakti karbiini, joka sopii sek\u00e4 aloittelijoille ett\u00e4 kokeneemmille ampujille. PCP-j\u00e4rjestelm\u00e4 takaa tasaisen l\u00e4ht\u00f6energian, hyv\u00e4n toistettavuuden ja korkean tarkkuuden, mik\u00e4 tekee siit\u00e4 erinomaisen valinnan urheilu- ja harrastusammuntaan. 300 mm rihlattu piippu varmistaa hyv\u00e4n osumatarkkuuden, ja integroitu \u00e4\u00e4nenvaimennin v\u00e4hent\u00e4\u00e4 laukaus\u00e4\u00e4nt\u00e4. Kiv\u00e4\u00e4riss\u00e4 on 9 patruunan py\u00f6riv\u00e4 lipas sek\u00e4 mahdollisuus yksitt\u00e4islataukseen.   <\/p>\n<p data-start=\"1713\" data-end=\"2211\">Kevyt ja ergonominen rakenne sis\u00e4lt\u00e4\u00e4 neliasentoisen s\u00e4\u00e4dett\u00e4v\u00e4n tukin ja kaksivaiheisen liipaisimen, jotka parantavat k\u00e4ytt\u00f6mukavuutta ja hallintaa. Sis\u00e4\u00e4nrakennettu painemittari ja 250 bar ilmas\u00e4ili\u00f6 takaavat luotettavan toiminnan. Picatinny-kisko mahdollistaa lis\u00e4varusteiden asentamisen. Pakkaus sis\u00e4lt\u00e4\u00e4 3\u20139\u00d740 valaistun kiikarit\u00e4ht\u00e4imen sek\u00e4 teleskooppisen bipodin, joten tarkka ammunta on mahdollista heti k\u00e4ytt\u00f6\u00f6noton j\u00e4lkeen.    <\/p>\n","protected":false},"featured_media":160504,"template":"","meta":{"_acf_changed":false},"product_brand":[],"product_cat":[253,256],"product_tag":[],"class_list":{"0":"post-160511","1":"product","2":"type-product","3":"status-publish","4":"has-post-thumbnail","6":"product_cat-ilmakivaarit-4-5mm","7":"product_cat-hpa-fi","9":"first","10":"instock","11":"taxable","12":"shipping-taxable","13":"purchasable","14":"product-type-simple"},"acf":[],"_links":{"self":[{"href":"https:\/\/kingarms.ee\/fi\/wp-json\/wp\/v2\/product\/160511","targetHints":{"allow":["GET"]}}],"collection":[{"href":"https:\/\/kingarms.ee\/fi\/wp-json\/wp\/v2\/product"}],"about":[{"href":"https:\/\/kingarms.ee\/fi\/wp-json\/wp\/v2\/types\/product"}],"wp:featuredmedia":[{"embeddable":true,"href":"https:\/\/kingarms.ee\/fi\/wp-json\/wp\/v2\/media\/160504"}],"wp:attachment":[{"href":"https:\/\/kingarms.ee\/fi\/wp-json\/wp\/v2\/media?parent=160511"}],"wp:term":[{"taxonomy":"product_brand","embeddable":true,"href":"https:\/\/kingarms.ee\/fi\/wp-json\/wp\/v2\/product_brand?post=160511"},{"taxonomy":"product_cat","embeddable":true,"href":"https:\/\/kingarms.ee\/fi\/wp-json\/wp\/v2\/product_cat?post=160511"},{"taxonomy":"product_tag","embeddable":true,"href":"https:\/\/kingarms.ee\/fi\/wp-json\/wp\/v2\/product_tag?post=160511"}],"curies":[{"name":"wp","href":"https:\/\/api.w.org\/{rel}","templated":true}]}}