{"id":191032,"date":"2026-05-09T23:33:32","date_gmt":"2026-05-09T20:33:32","guid":{"rendered":"https:\/\/kingarms.ee\/product\/razorgun-3-levyinen-tuulimaali\/"},"modified":"2026-05-09T23:33:53","modified_gmt":"2026-05-09T20:33:53","slug":"razorgun-3-levyinen-tuulimaali","status":"publish","type":"product","link":"https:\/\/kingarms.ee\/fi\/product\/razorgun-3-levyinen-tuulimaali\/","title":{"rendered":"RazorGun 3-levyinen tuulimaali"},"content":{"rendered":"","protected":false},"excerpt":{"rendered":"<p data-start=\"13\" data-end=\"521\">RGun-ilmakiv\u00e4\u00e4ritaulu on moderni ja t\u00e4ysin valmis ratkaisu ampumaharjoitteluun heti pakkauksen avaamisen j\u00e4lkeen. Pakkaus sis\u00e4lt\u00e4\u00e4 kest\u00e4v\u00e4t metalliset tolpat, 10 suurta paperitaulua koossa 43 \u00d7 64 cm sek\u00e4 jopa pahvilaatikon, jota voidaan k\u00e4ytt\u00e4\u00e4 lis\u00e4siluettitauluna. Innovatiivinen rakenne ei vaadi erillisi\u00e4 puulevyj\u00e4 tai lis\u00e4kiinnikkeit\u00e4, mik\u00e4 tekee setist\u00e4 k\u00e4yt\u00e4nn\u00f6llisen ja helppok\u00e4ytt\u00f6isen niin aloittelijoille kuin kokeneille harrastajille.  <\/p>\n<p data-start=\"523\" data-end=\"992\">S\u00e4\u00e4dett\u00e4v\u00e4 jalusta mahdollistaa 20\u201361 cm kokoisten taulujen nopean kiinnityksen, ja selke\u00e4t kokomerkinn\u00e4t helpottavat oikean asetuksen l\u00f6yt\u00e4mist\u00e4. Vakaa ter\u00e4srakenne kest\u00e4\u00e4 tuulta ja intensiivist\u00e4 k\u00e4ytt\u00f6\u00e4, ja nelj\u00e4 maakiilaa lis\u00e4\u00e4v\u00e4t turvallisuutta ulkok\u00e4yt\u00f6ss\u00e4. RGun-taulu sopii erinomaisesti puutarhaan, ampumaradalle tai ampumaseuraan tarjoten luotettavan ja mukavan harjoittelukokemuksen joka tilanteessa.  <\/p>\n","protected":false},"featured_media":190978,"template":"","meta":{"_acf_changed":false},"product_brand":[],"product_cat":[310],"product_tag":[],"class_list":{"0":"post-191032","1":"product","2":"type-product","3":"status-publish","4":"has-post-thumbnail","6":"product_cat-tavoitteet","8":"first","9":"instock","10":"taxable","11":"shipping-taxable","12":"purchasable","13":"product-type-simple"},"acf":[],"_links":{"self":[{"href":"https:\/\/kingarms.ee\/fi\/wp-json\/wp\/v2\/product\/191032","targetHints":{"allow":["GET"]}}],"collection":[{"href":"https:\/\/kingarms.ee\/fi\/wp-json\/wp\/v2\/product"}],"about":[{"href":"https:\/\/kingarms.ee\/fi\/wp-json\/wp\/v2\/types\/product"}],"wp:featuredmedia":[{"embeddable":true,"href":"https:\/\/kingarms.ee\/fi\/wp-json\/wp\/v2\/media\/190978"}],"wp:attachment":[{"href":"https:\/\/kingarms.ee\/fi\/wp-json\/wp\/v2\/media?parent=191032"}],"wp:term":[{"taxonomy":"product_brand","embeddable":true,"href":"https:\/\/kingarms.ee\/fi\/wp-json\/wp\/v2\/product_brand?post=191032"},{"taxonomy":"product_cat","embeddable":true,"href":"https:\/\/kingarms.ee\/fi\/wp-json\/wp\/v2\/product_cat?post=191032"},{"taxonomy":"product_tag","embeddable":true,"href":"https:\/\/kingarms.ee\/fi\/wp-json\/wp\/v2\/product_tag?post=191032"}],"curies":[{"name":"wp","href":"https:\/\/api.w.org\/{rel}","templated":true}]}}