{"id":191069,"date":"2026-05-11T11:13:14","date_gmt":"2026-05-11T08:13:14","guid":{"rendered":"https:\/\/kingarms.ee\/product\/umarex-blamer-45-mm\/"},"modified":"2026-05-11T11:13:14","modified_gmt":"2026-05-11T08:13:14","slug":"umarex-blamer-45-mm","status":"publish","type":"product","link":"https:\/\/kingarms.ee\/fi\/product\/umarex-blamer-45-mm\/","title":{"rendered":"Umarex BlaMer 4,5 mm"},"content":{"rendered":"","protected":false},"excerpt":{"rendered":"<p data-start=\"13\" data-end=\"521\">Umarex BlaMer 4,5 mm BB -ilmapistooli on muotoilultaan legendaarisen Colt 1911 -sotilaspistoolin kaltainen ja tarkoitettu vapaa-ajan ammuntaan. Kevyt polymeerirakenne ja 12 g CO2-patruunalla toimiva j\u00e4rjestelm\u00e4 tekev\u00e4t aseesta helppok\u00e4ytt\u00f6isen erityisesti aloittelijoille sek\u00e4 nuoremmille k\u00e4ytt\u00e4jille aikuisen valvonnassa. 16 kuulan lipas ja 105 m\/s l\u00e4ht\u00f6nopeus tarjoavat tarkkaa ja miellytt\u00e4v\u00e4\u00e4 ampumista, kun taas Blow-Back-j\u00e4rjestelm\u00e4 luo realistisen rekyylituntuman.  <\/p>\n<p data-start=\"523\" data-end=\"998\">Pistoolissa on Single Action -liipaisinmekanismi, jossa on lyhyt ja kevyt liipaisinveto tarkempaa ampumista varten. Valokuitut\u00e4ht\u00e4in helpottaa t\u00e4ht\u00e4\u00e4mist\u00e4 heikossa valaistuksessa, ja piipun alla oleva 22 mm Picatinny-kisko mahdollistaa lis\u00e4varusteiden, kuten taskulampun tai lasert\u00e4ht\u00e4imen, asentamisen. Mallissa on kaksi varmistinta turvallista k\u00e4ytt\u00f6\u00e4 varten, ja yksi CO2-patruuna riitt\u00e4\u00e4 noin 32 tasatehoiseen laukaukseen.  <\/p>\n","protected":false},"featured_media":191040,"template":"","meta":{"_acf_changed":false},"product_brand":[],"product_cat":[253,672],"product_tag":[],"class_list":{"0":"post-191069","1":"product","2":"type-product","3":"status-publish","4":"has-post-thumbnail","6":"product_cat-ilmakivaarit-4-5mm","7":"product_cat-pienaseet","9":"first","10":"instock","11":"taxable","12":"shipping-taxable","13":"purchasable","14":"product-type-simple"},"acf":[],"_links":{"self":[{"href":"https:\/\/kingarms.ee\/fi\/wp-json\/wp\/v2\/product\/191069","targetHints":{"allow":["GET"]}}],"collection":[{"href":"https:\/\/kingarms.ee\/fi\/wp-json\/wp\/v2\/product"}],"about":[{"href":"https:\/\/kingarms.ee\/fi\/wp-json\/wp\/v2\/types\/product"}],"wp:featuredmedia":[{"embeddable":true,"href":"https:\/\/kingarms.ee\/fi\/wp-json\/wp\/v2\/media\/191040"}],"wp:attachment":[{"href":"https:\/\/kingarms.ee\/fi\/wp-json\/wp\/v2\/media?parent=191069"}],"wp:term":[{"taxonomy":"product_brand","embeddable":true,"href":"https:\/\/kingarms.ee\/fi\/wp-json\/wp\/v2\/product_brand?post=191069"},{"taxonomy":"product_cat","embeddable":true,"href":"https:\/\/kingarms.ee\/fi\/wp-json\/wp\/v2\/product_cat?post=191069"},{"taxonomy":"product_tag","embeddable":true,"href":"https:\/\/kingarms.ee\/fi\/wp-json\/wp\/v2\/product_tag?post=191069"}],"curies":[{"name":"wp","href":"https:\/\/api.w.org\/{rel}","templated":true}]}}